{"id":1307,"date":"2014-12-19T17:53:41","date_gmt":"2014-12-19T15:53:41","guid":{"rendered":"http:\/\/aaloe.ee\/?post_type=product&#038;p=1307"},"modified":"2024-01-06T19:04:53","modified_gmt":"2024-01-06T17:04:53","slug":"forever-therm","status":"publish","type":"product","link":"https:\/\/aaloe.ee\/et\/toode\/forever-therm\/","title":{"rendered":"Forever Therm"},"content":{"rendered":"<h3><span style=\"color: #99cc00;\">Forever Therm<\/span><\/h3>\n<p style=\"text-align: justify;\"><span style=\"color: #999999;\">See on unikaalne segu taimeekstraktidest ja toitainetest, mis kiirendavad ainevahetust.\u00a0Roheline tee, looduslik kofeiin guaraana seemnetest, roheliste kohviubade ekstrakt, vaarika ketoonid, t\u00e4iskomplekt B-vitamiine ja C-vitamiin. V\u00f5imas ja toetab kompleks, mis aitab suurendada energia taset, kiirendada ainevahetust, aidates kaalu langetada.<\/span><\/p>\n<p style=\"text-align: justify;\"><span style=\"color: #999999;\">60 tablettiForever Therm\u2122 on t\u00f5hus organismi\u00a0talitlust toetav toidulisand,\u00a0mis annab energiat ja kiirendab\u00a0ainevahetust, t\u00e4nu millele on hea\u00a0abimees kaalust alla v\u00f5tmisel.\u00a0K\u00f5hnumisprotsessi on raske\u00a0alustada. Eesm\u00e4rgi saavutamine\u00a0v\u00f5ib tunduda aeglane ja vaevarikas.\u00a0\u00d5nnestumise kaks peamist\u00a0v\u00f5tmes\u00f5na on tervislik kalorivaene\u00a0toit ja regulaarne trenn. Ent leidub\u00a0ka abivahendeid, mis h\u00f5lbustavad\u00a0ettev\u00f5tmise kordaminekut. Forever\u00a0Therm\u2122 t\u00f5hustab kaalust alla\u00a0v\u00f5tmist. N\u00f5nda j\u00f5uate kiiremini\u00a0tulemusteni ning saavutate\u00a0<\/span><span style=\"color: #999999;\">meelep\u00e4rase vormi ja kaalu. Toode\u00a0sisaldab erilist taimeekstraktide\u00a0ja toitainete kompleksi, mis v\u00f5ib\u00a0soodustada ainevahetust ning tuua\u00a0tulemuse kiiremini ja lihtsamini.\u00a0Rohelise tee ekstraktis sisalduvad\u00a0pol\u00fcfenooli\u00fchendid katehhiinid\u00a0stimuleerivad ainevahetust ja toimivad antioks\u00fcdantidena. Erinevad\u00a0uurimused on n\u00e4idanud, et\u00a0need m\u00f5juvad soodsalt organismi\u00a0termogeneesile. Termogenees on\u00a0selline energia tootmine, kus \u201ek\u00fctusena\u201c\u00a0kasutatakse rasva. Forever\u00a0Therm\u2122 sisaldab veel guaraanapauliinia\u00a0seemneekstrakti, milles\u00a0leidub ohtralt taimset alkaloidi\u00a0kofeiini. See aitab energiataseme\u00a0\u00fcleval hoida nii trenni kui ka pingelise\u00a0t\u00f6\u00f6 ajal. Uurimuste kohaselt\u00a0toimivad roheline tee ja looduslik\u00a0kofeiin s\u00fcnergiliselt, toetades\u00a0termogeneesi.\u00a0Roheliste kohviubade ekstraktis\u00a0leidub ainulaadset ainet klorogeenhapet,\u00a0mida on r\u00f6stitud kohviubades\u00a0v\u00e4he. Uurimuste j\u00e4rgi aitab see\u00a0aktiivne koostisosa pidurdada gl\u00fckoosi\u00a0imendumist, mist\u00f5ttu v\u00f5ib\u00a0olla abiks veresuhkru normaalse\u00a0taseme hoidmisel (kui see oli enne\u00a0normaalne). T\u00e4nu sellisele toimele\u00a0v\u00f5ib see aine aidata isu v\u00e4hendada\u00a0ja\u00a0energiak\u00f5ikumisi v\u00e4ltida.\u00a0Sellel ainevahetust stimuleerival\u00a0kolmikul on veel ideaalseid s\u00f5pru:\u00a0B-r\u00fchma vitamiinide kompleks ja\u00a0C-vitamiin. B-r\u00fchma vitamiinid ja\u00a0C-vitamiin on eriti t\u00e4htsad s\u00fcsivesikute,\u00a0valkude ja rasvade ainevahetuseks.\u00a0Suure f\u00fc\u00fcsilise koormuse\u00a0(n\u00e4iteks trenni) korral kulutab keha\u00a0nende vitamiinide varud kiiresti \u00e4ra,\u00a0seega on oluline neid t\u00e4iendada, sest\u00a0see v\u00f5ib m\u00f5jutada ainevahetust.\u00a0Loomulikult on igasuguse kaalulangetusprogrammi\u00a0puhul edu\u00a0aluseks tervislik toitumine ja piisav f\u00fc\u00fcsiline aktiivsus. T\u00f5husa taimeekstraktide\u00a0ja toitainete kompleksiga\u00a0Forever Therm\u2122 v\u00f5ib anda\u00a0energiat, soodustada ainevahetust\u00a0ning aidata eesm\u00e4rgini j\u00f5uda.<\/span><\/p>\n<p style=\"text-align: justify;\"><span style=\"color: #99cc00;\">SOOVITUSLIK TARVITAMINE:<\/span>\u00a0<span style=\"color: #999999;\">kaks tabletti p\u00e4evas. Valige omale\u00a0sobiv viis: v\u00f5ite v\u00f5tta \u00fche tableti\u00a0hommikul ja teise l\u00f5unal v\u00f5i m\u00f5lemad\u00a0hommikul. Forever Therm\u2122\u00a0sisaldab looduslikku kofeiini, mist\u00f5ttu\u00a0ei ole seda soovitatav tarvitada\u00a0\u00f5htul p\u00e4rast kella 18.<\/span><\/p>\n<table border=\"1\" cellspacing=\"1\" cellpadding=\"1\">\n<tbody>\n<tr>\n<td><span style=\"color: #999999;\"><strong>Koostis\u00a0<\/strong><\/span><\/td>\n<td><span style=\"color: #999999;\"><strong>2 tabletti<\/strong><\/span><\/td>\n<td><span style=\"color: #999999;\"><strong>% RI*<\/strong><\/span><\/td>\n<\/tr>\n<tr>\n<td><span style=\"color: #999999;\">C-vitamiin (askorbiinhape)<\/span><\/td>\n<td><span style=\"color: #999999;\">75 mg<\/span><\/td>\n<td><span style=\"color: #999999;\">94 %<\/span><\/td>\n<\/tr>\n<tr>\n<td><span style=\"color: #999999;\">Niatsiin (niatsiinamiid)<\/span><\/td>\n<td><span style=\"color: #999999;\">10 mg<\/span><\/td>\n<td><span style=\"color: #999999;\">63 %<\/span><\/td>\n<\/tr>\n<tr>\n<td><span style=\"color: #999999;\">Pantoteenhape (kaltsium-D-pantotenaat)<\/span><\/td>\n<td><span style=\"color: #999999;\">6 mg<\/span><\/td>\n<td><span style=\"color: #999999;\">100 %<\/span><\/td>\n<\/tr>\n<tr>\n<td><span style=\"color: #999999;\">B6-vitamiin (p\u00fcridoksiinh\u00fcdrokloriid)<\/span><\/td>\n<td><span style=\"color: #999999;\">1.3 mg<\/span><\/td>\n<td><span style=\"color: #999999;\">93 %<\/span><\/td>\n<\/tr>\n<tr>\n<td><span style=\"color: #999999;\">B2-vitamiin (riboflaviin)<\/span><\/td>\n<td><span style=\"color: #999999;\">1.4 mg<\/span><\/td>\n<td><span style=\"color: #999999;\">100 %<\/span><\/td>\n<\/tr>\n<tr>\n<td><span style=\"color: #999999;\">B1-vitamiin (tiamiinh\u00fcdrokloriid)<\/span><\/td>\n<td><span style=\"color: #999999;\">1 mg<\/span><\/td>\n<td><span style=\"color: #999999;\">91 %<\/span><\/td>\n<\/tr>\n<tr>\n<td><span style=\"color: #999999;\">B12-vitamiin (ts\u00fcanokobalamiin)<\/span><\/td>\n<td><span style=\"color: #999999;\">2.4 \u00b5g<\/span><\/td>\n<td><span style=\"color: #999999;\">96 %<\/span><\/td>\n<\/tr>\n<tr>\n<td><span style=\"color: #999999;\">Folaat (foolhape)<\/span><\/td>\n<td><span style=\"color: #999999;\">200 \u00b5g<\/span><\/td>\n<td><span style=\"color: #999999;\">100\u00a0%<\/span><\/td>\n<\/tr>\n<\/tbody>\n<\/table>\n<p><span style=\"color: #999999;\">\u00a0* RI = P\u00e4evane vajadus %<\/span><\/p>\n<p style=\"text-align: justify;\"><span style=\"color: #999999;\">Kood : 463<\/span><\/p>\n<p><span style=\"color: #918e8e;\"><span style=\"color: #ff9900;\">Lae endale toote lisainfo PDF failina:<\/span>\u00a0<span style=\"color: #99cc00;\"><a style=\"color: #99cc00;\" href=\"http:\/\/aaloe.ee\/wp-content\/uploads\/2014\/12\/Kood-463.pdf\">Forever Therm<\/a><\/span><\/span><\/p>\n","protected":false},"excerpt":{"rendered":"<div>\n<h3 class=\"variant a1Pd0000002JUNPEA4\"><span style=\"color: #99cc00;\">Forever Therm<\/span><\/h3>\n<p class=\"variant a1Pd0000002JUNPEA4\"><span style=\"color: #999999;\">Organismi talitlust toetav toidulisand sisaldab erilist taimeekstraktide ja toitainete kompleksi.\u00a0See annab energiat ja v\u00f5ib kiirendada ainevahetust. T\u00f5hus abivahend kaalu j\u00e4lgimisel ja k\u00f5hnumisel. Selle abil j\u00f5uate kiiremini tulemusteni ning saavutate meelep\u00e4rase vormi.<\/span><\/p>\n<\/div>\n<div><span style=\"color: #999999;\">KOGUS: 60 tabletti.<\/span><\/div>\n<div><span style=\"color: #999999;\">Kood: 463<\/span><\/div>\n","protected":false},"featured_media":3438,"template":"","meta":[],"product_brand":[],"product_cat":[15,20],"product_tag":[],"class_list":{"0":"post-1307","1":"product","2":"type-product","3":"status-publish","4":"has-post-thumbnail","6":"product_cat-toidulisandid","7":"product_cat-kehakaal-ja-toitumine","9":"first","10":"instock","11":"taxable","12":"shipping-taxable","13":"purchasable","14":"product-type-simple"},"jetpack_sharing_enabled":true,"_links":{"self":[{"href":"https:\/\/aaloe.ee\/et\/wp-json\/wp\/v2\/product\/1307","targetHints":{"allow":["GET"]}}],"collection":[{"href":"https:\/\/aaloe.ee\/et\/wp-json\/wp\/v2\/product"}],"about":[{"href":"https:\/\/aaloe.ee\/et\/wp-json\/wp\/v2\/types\/product"}],"wp:featuredmedia":[{"embeddable":true,"href":"https:\/\/aaloe.ee\/et\/wp-json\/wp\/v2\/media\/3438"}],"wp:attachment":[{"href":"https:\/\/aaloe.ee\/et\/wp-json\/wp\/v2\/media?parent=1307"}],"wp:term":[{"taxonomy":"product_brand","embeddable":true,"href":"https:\/\/aaloe.ee\/et\/wp-json\/wp\/v2\/product_brand?post=1307"},{"taxonomy":"product_cat","embeddable":true,"href":"https:\/\/aaloe.ee\/et\/wp-json\/wp\/v2\/product_cat?post=1307"},{"taxonomy":"product_tag","embeddable":true,"href":"https:\/\/aaloe.ee\/et\/wp-json\/wp\/v2\/product_tag?post=1307"}],"curies":[{"name":"wp","href":"https:\/\/api.w.org\/{rel}","templated":true}]}}