{"id":1239,"date":"2014-12-17T20:33:48","date_gmt":"2014-12-17T18:33:48","guid":{"rendered":"http:\/\/aaloe.ee\/?post_type=product&#038;p=1239"},"modified":"2024-02-09T17:52:30","modified_gmt":"2024-02-09T15:52:30","slug":"forever-alpha-e-faktor","status":"publish","type":"product","link":"https:\/\/aaloe.ee\/et\/toode\/forever-alpha-e-faktor\/","title":{"rendered":"Nahka taastav emulsioon &#8211; Alpha-E Faktor"},"content":{"rendered":"<h3><span style=\"color: #99cc00;\">Forever Alpha-E Faktor<\/span><\/h3>\n<h3><span style=\"color: #ff9900;\">Nahka taastav emulsioon<\/span><\/h3>\n<p><span style=\"color: #999999;\">Niisutav emulsioon \u201eForever\u00a0Alpha-E Factor\u201c on naha\u00a0struktuuri taastav vahend, mis\u00a0koosneb reast naha seisukorda\u00a0parandavatest komponentidest.\u00a0Tegu on kerge pehmendava\u00a0vedelikuga, mis sisaldab A-, C- ja\u00a0E-vitamiini, \u00f5lisid ning muid\u00a0nahka stimuleerivaid aineid.\u00a0Emulsioon kaitseb t\u00f5husalt\u00a0keskkonna kahjuliku m\u00f5ju ja\u00a0kortsude tekke eest, samuti\u00a0niisutab, toidab ja muudab naha\u00a0kauniks. Emulsioon \u201eForever\u00a0Alpha-E Factor\u201c on tugev\u00a0antioks\u00fcdant, mis v\u00f5itleb vabale\u00a0radikaalide negatiivse m\u00f5ju\u00a0vastu. Antioks\u00fcdandid on naha\u00a0nooruse peamine allikas.\u00a0\u201eForever Alpha-E Factor\u201c alus on\u00a0aaloegeel. Niisutavas emulsioonis\u00a0on rida teisi aktiivseid ained:<\/span><br \/>\n<span style=\"color: #999999;\"><span style=\"color: #ff9900;\"><strong>E-vitamiin<\/strong>\u00a0<\/span>(tokoferoolatsetaadina) \u2013 naha\u00a0antioks\u00fcdant, mis kaitseb vabale\u00a0radikaalide eest, pehmendab ja\u00a0niisutab nahka;<\/span><br \/>\n<span style=\"color: #999999;\"><strong><span style=\"color: #ff9900;\">A-vitamiin\u00a0<\/span><\/strong>(retin\u00fc\u00fclpalmitaadina) \u2013 veel\u00a0\u00fcks tugev antioks\u00fcdant, mis\u00a0suurendab naha elastsust, samal\u00a0ajal nahka niisutades ja selle\u00a0kestendust v\u00e4hendades;<\/span><br \/>\n<span style=\"color: #999999;\"><span style=\"color: #ff9900;\"><strong>C-vitamiin<\/strong>\u00a0<\/span>(askorb\u00fc\u00fclpalmitaadina) \u2013\u00a0antioks\u00fcdant, mis parandab naha\u00a0elastsust, v\u00f5itleb nakkuste vastu,\u00a0v\u00e4hendab arme;<\/span><br \/>\n<span style=\"color: #999999;\"><strong><span style=\"color: #ff9900;\">letsitiin<\/span> <\/strong>\u2013 suurep\u00e4rane nahka\u00a0pehmendav aine, mis parandab\u00a0naha elastsust;<\/span><br \/>\n<span style=\"color: #999999;\"><strong><span style=\"color: #ff9900;\">kurgirohu seemne\u00f5li<\/span> <\/strong>\u2013 annab\u00a0nahale gamma-linoleenhapet\u00a0(\u00fcks olulisemaid rasvhappeid),\u00a0mis aitab taastada naha niiskust\u00a0ja pehmust;<\/span><br \/>\n<span style=\"color: #999999;\"><strong><span style=\"color: #ff9900;\">bisabolool<\/span><\/strong> \u2013 looduslik rahustav\u00a0koostisosa, millel on kerge\u00a0sidruniaroom ning mis sobib\u00a0isegi k\u00f5ige tundlikumale ja\u00a0\u00f5rnemale nahale;<\/span><br \/>\n<span style=\"color: #999999;\"><span style=\"color: #ff9900;\"><strong>oktaan-\/dekaantrigl\u00fctseriid<\/strong><\/span> \u2013\u00a0kookos\u00f5list saadav pehmendaja,\u00a0mis niisutab h\u00e4sti, kuid ei j\u00e4ta\u00a0seda rasvaseks;<\/span><br \/>\n<span style=\"color: #999999;\"><strong><span style=\"color: #ff9900;\">soja\u00f5li<\/span><\/strong> \u2013 niisutav antioks\u00fcdant.<\/span><br \/>\n<span style=\"color: #999999;\">\u201eForever Alpha-E Factor\u201c on\u00a0universaalne toode, mille k\u00f5ik\u00a0koostisosad on liidetud parimate\u00a0niisutajate ja emulgaatoritega.<\/span><\/p>\n<p><span style=\"color: #999999;\"><strong>KASUTAMINE<\/strong>: tilgutage\u00a0emulsiooni nahale ning\u00a0jaotage\u00f5rnade liigutustega \u00fchtlaselt\u00a0laiali. Emulsioon on suurep\u00e4rane\u00a0alus k\u00f5ikidele kreemidele.<\/span><\/p>\n<p><span style=\"color: #999999;\">Kood : 187<\/span><\/p>\n<p><strong><span style=\"color: #ff9900;\">Lae alla \u00a0toote lisainfo PDF-s:\u00a0<\/span><\/strong><span style=\"color: #999999;\">\u00a0<\/span><span style=\"color: #999999;\"><span style=\"color: #99cc00;\"><a style=\"color: #99cc00;\" href=\"http:\/\/aaloe.ee\/wp-content\/uploads\/2014\/12\/kood-187.pdf\">Forever Alpha-E Faktor<\/a><\/span><\/span><strong><span style=\"color: #999999;\"><br \/>\n<\/span><\/strong><\/p>\n<p>&nbsp;<\/p>\n","protected":false},"excerpt":{"rendered":"<div>\n<p class=\"variant a1Pd0000002JV6eEAG\"><span style=\"color: #999999;\">See on naha nooruslikkuse allikas. Emulsioon sisaldab hulgaliselt komponente, mille otstarve on parandada naha seisukorda.\u00a0<\/span><span style=\"color: #999999;\">See niisutab, toidab, kaitseb nahka keskkonna kahjuliku m\u00f5ju eest ning v\u00f5itleb t\u00f5husalt naha nooruslikkuse vaenlaste \u2013 vabade radikaalidega.<\/span><\/p>\n<\/div>\n<div>\n<div class=\"price variant a1Pd0000002JV6eEAG\"><span style=\"color: #999999;\">KOGUS: 30 ml\u00a0 \u00a0 \u00a0 \u00a0 \u00a0 \u00a0 \u00a0 \u00a0 \u00a0 \u00a0 Kood : 187<\/span><\/div>\n<div class=\"price variant a1Pd0000002JV6eEAG\"><\/div>\n<\/div>\n","protected":false},"featured_media":4187,"template":"","meta":[],"product_brand":[],"product_cat":[170],"product_tag":[],"class_list":{"0":"post-1239","1":"product","2":"type-product","3":"status-publish","4":"has-post-thumbnail","6":"product_cat-eksklusiivsed-tooted","8":"first","9":"instock","10":"taxable","11":"shipping-taxable","12":"purchasable","13":"product-type-simple"},"jetpack_sharing_enabled":true,"_links":{"self":[{"href":"https:\/\/aaloe.ee\/et\/wp-json\/wp\/v2\/product\/1239","targetHints":{"allow":["GET"]}}],"collection":[{"href":"https:\/\/aaloe.ee\/et\/wp-json\/wp\/v2\/product"}],"about":[{"href":"https:\/\/aaloe.ee\/et\/wp-json\/wp\/v2\/types\/product"}],"wp:featuredmedia":[{"embeddable":true,"href":"https:\/\/aaloe.ee\/et\/wp-json\/wp\/v2\/media\/4187"}],"wp:attachment":[{"href":"https:\/\/aaloe.ee\/et\/wp-json\/wp\/v2\/media?parent=1239"}],"wp:term":[{"taxonomy":"product_brand","embeddable":true,"href":"https:\/\/aaloe.ee\/et\/wp-json\/wp\/v2\/product_brand?post=1239"},{"taxonomy":"product_cat","embeddable":true,"href":"https:\/\/aaloe.ee\/et\/wp-json\/wp\/v2\/product_cat?post=1239"},{"taxonomy":"product_tag","embeddable":true,"href":"https:\/\/aaloe.ee\/et\/wp-json\/wp\/v2\/product_tag?post=1239"}],"curies":[{"name":"wp","href":"https:\/\/api.w.org\/{rel}","templated":true}]}}