{"id":1212,"date":"2014-12-16T23:54:21","date_gmt":"2014-12-16T21:54:21","guid":{"rendered":"http:\/\/aaloe.ee\/?post_type=product&#038;p=1212"},"modified":"2025-11-01T00:04:39","modified_gmt":"2025-10-31T22:04:39","slug":"aloe-blossom-herbal-tea","status":"publish","type":"product","link":"https:\/\/aaloe.ee\/et\/toode\/aloe-blossom-herbal-tea\/","title":{"rendered":"Aloe Blossom Herbal Tea &#8211; Aaloe\u00f5ietee"},"content":{"rendered":"<h3><span style=\"color: #99cc00;\">Aloe Blossom Herbal Tea<\/span><\/h3>\n<h3><span style=\"color: #ff9900;\">Aaloe\u00f5ietee<\/span><\/h3>\n<p style=\"text-align: justify;\"><span style=\"color: #999999;\">Spetsiaalselt suurep\u00e4rase maiste ja rikkaliku aroomi pakkumiseks valmistatud \u201eAloe Blossom Herbal Tea\u201c on segu taimedest ja \u00fcrtidest. Kuigi tee ei sisalda kofeiini, annab see j\u00f5udu ja energiat. Tees sisalduvad taimed p\u00e4rinevad Hiinast, Jamaicalt, Egiptusest ja Indiast, aaloe\u00f5ied aga on kasvanud Ameerika mandril. Tee maitse, aroom ja m\u00f5ju kujundab koostise mitmekesisus: kaneel v\u00e4rskendab, apelsinikoor ja nelk annavad joogile meeldiva l\u00f5hna, piment (nelkpipar) ja ingver rahustavad. See kalorivaba v\u00e4rskendav tee v\u00e4hendab s\u00f6\u00f6giisu, mist\u00f5ttu sobib see h\u00e4sti terve eluviisi programmi. \u201eAloe Blossom Herbal Tea\u201c on lihtsalt valmistatav. Seda v\u00f5ib juua nii kuumalt kui ka k\u00fclmalt.<\/span><\/p>\n<p style=\"text-align: justify;\"><span style=\"color: #999999;\">SOOVITUSLIK\u00a0TARVITAMINE: tassi kuuma\u00a0tee valmistamiseks kulub \u00fcks teepakike. Lisa keeva vett ja\u00a0lase 3\u20135 minutit t\u00f5mmata,\u00a0eemalda teepakike. K\u00fclma tee\u00a0valmistamiseks kalla 2 tassi\u00a0keevat vett 4-le teepakile ja lase\u00a03\u20135 minutit t\u00f5mmata. Eemalda\u00a0teepakid, lisa 2 tassi k\u00fclma vett ja\u00a0lase jahtuda.<\/span><\/p>\n<p><span style=\"color: #999999;\">25 pakki<\/span><\/p>\n<p><span style=\"color: #99cc00;\"><span style=\"color: #ff9900;\">Aloe Blossom Herbal Tea\u00a0<\/span> \u00a0<\/span> <span style=\"color: #99cc00;\"><a style=\"color: #99cc00;\" href=\"http:\/\/aaloe.ee\/wp-content\/uploads\/2014\/12\/kood-200.pdf\">kood 200<\/a><\/span><\/p>\n","protected":false},"excerpt":{"rendered":"<h3><span style=\"color: #99cc00;\">Aaloe\u00f5ietee <\/span><\/h3>\n<p><span style=\"color: #999999;\">Suurep\u00e4rase maitse ja erilise aroomiga taimede, maitserohelise ja aaloe\u00f5ite segu.\u00a0Rahustab, peletab v\u00e4simustunde, aitab organismil taastuda. Tee ei sisalda kofeiini, ent annab j\u00f5udu ja erksust. V\u00f5ib juua nii kuumalt kui ka k\u00fclmalt.\u00a0<\/span><\/p>\n<p><span style=\"color: #999999;\">VEGAN<\/span><\/p>\n<p><span style=\"color: #999999;\">KOGUS: 25 teepakki<\/span><\/p>\n<p><span style=\"color: #999999;\">KOOD: 200<\/span><\/p>\n","protected":false},"featured_media":3441,"template":"","meta":[],"product_brand":[],"product_cat":[14,20],"product_tag":[],"class_list":{"0":"post-1212","1":"product","2":"type-product","3":"status-publish","4":"has-post-thumbnail","6":"product_cat-joogid","7":"product_cat-kehakaal-ja-toitumine","9":"first","10":"instock","11":"taxable","12":"shipping-taxable","13":"purchasable","14":"product-type-simple"},"jetpack_sharing_enabled":true,"_links":{"self":[{"href":"https:\/\/aaloe.ee\/et\/wp-json\/wp\/v2\/product\/1212","targetHints":{"allow":["GET"]}}],"collection":[{"href":"https:\/\/aaloe.ee\/et\/wp-json\/wp\/v2\/product"}],"about":[{"href":"https:\/\/aaloe.ee\/et\/wp-json\/wp\/v2\/types\/product"}],"wp:featuredmedia":[{"embeddable":true,"href":"https:\/\/aaloe.ee\/et\/wp-json\/wp\/v2\/media\/3441"}],"wp:attachment":[{"href":"https:\/\/aaloe.ee\/et\/wp-json\/wp\/v2\/media?parent=1212"}],"wp:term":[{"taxonomy":"product_brand","embeddable":true,"href":"https:\/\/aaloe.ee\/et\/wp-json\/wp\/v2\/product_brand?post=1212"},{"taxonomy":"product_cat","embeddable":true,"href":"https:\/\/aaloe.ee\/et\/wp-json\/wp\/v2\/product_cat?post=1212"},{"taxonomy":"product_tag","embeddable":true,"href":"https:\/\/aaloe.ee\/et\/wp-json\/wp\/v2\/product_tag?post=1212"}],"curies":[{"name":"wp","href":"https:\/\/api.w.org\/{rel}","templated":true}]}}