{"id":916,"date":"2014-11-29T16:12:35","date_gmt":"2014-11-29T14:12:35","guid":{"rendered":"http:\/\/aaloe.ee\/?page_id=916"},"modified":"2016-10-03T13:27:33","modified_gmt":"2016-10-03T10:27:33","slug":"nahahooldus-ja-naohooldus","status":"publish","type":"page","link":"https:\/\/aaloe.ee\/et\/tutvustus\/nahahooldus-ja-naohooldus\/","title":{"rendered":"Nahahooldus ja n\u00e4ohooldus"},"content":{"rendered":"<p style=\"text-align: justify;\">Nahk on organismi esimene kaitseliin, mis kaitseb nakkuste ja saastunud keskkonna \u00e4rritajate eest. Sellep\u00e4rast on v\u00e4ga oluline naha eest hoolt kanda. Kui nahk on allergiast, putukahammustustest, p\u00f5letustest v\u00f5i k\u00fclmast kahjustatud, vajab ta hella hoolitsust kiiremaks paranemiseks ja kaitseks nakkuste eest. Aaloe on suurep\u00e4rane naha kaaslane, seda taime kasutatakse juba iidsetest aegdest naha raviks ja kaitseks.<\/p>\n<p style=\"text-align: justify;\">Forever Living Products on suurim aaloetoodete valmistaja. Ettev\u00f5te on loonud ainulaadse tootevaliku, mis garanteerib naha loomuliku niisutuse ning varustab seda k\u00f5ige olulisemate toitainete ning vitamiinidega. Aaloega nahahooldustooted niisutavad nahka ja kaitsevad seda p\u00e4ikese, tuule ja infektsioonide eest, muudavad naha pehmemaks ning koguni aeglustavad selle vananemise kulgu.<\/p>\n<p style=\"text-align: justify;\">Rahvusvaheline Teadusliku Aaloen\u00f5ukogu tempel Forever Living Productsi nahahooldustoodetesl m\u00e4rgib, et k\u00f5igi nende alus on sajaprotsendiline Aloe Vera geel.<\/p>\n","protected":false},"excerpt":{"rendered":"<p>Nahk on organismi esimene kaitseliin, mis kaitseb nakkuste ja saastunud keskkonna \u00e4rritajate eest. Sellep\u00e4rast on v\u00e4ga oluline naha eest hoolt kanda. Kui nahk on allergiast, putukahammustustest, p\u00f5letustest v\u00f5i k\u00fclmast kahjustatud, vajab ta hella hoolitsust kiiremaks paranemiseks ja kaitseks nakkuste eest. Aaloe on suurep\u00e4rane naha kaaslane, seda taime kasutatakse juba iidsetest aegdest naha raviks ja kaitseks. Forever Living Products on suurim aaloetoodete valmistaja. Ettev\u00f5te on loonud ainulaadse tootevaliku, mis garanteerib naha loomuliku niisutuse ning varustab seda k\u00f5ige olulisemate toitainete ning vitamiinidega. Aaloega nahahooldustooted niisutavad nahka ja kaitsevad seda p\u00e4ikese, tuule ja infektsioonide eest, muudavad naha pehmemaks ning koguni aeglustavad selle vananemise kulgu. Rahvusvaheline Teadusliku Aaloen\u00f5ukogu tempel Forever Living Productsi nahahooldustoodetesl m\u00e4rgib, et k\u00f5igi nende alus on sajaprotsendiline Aloe Vera geel.<\/p>\n","protected":false},"author":1,"featured_media":1560,"parent":75,"menu_order":0,"comment_status":"closed","ping_status":"closed","template":"","meta":{"footnotes":""},"class_list":["post-916","page","type-page","status-publish","has-post-thumbnail","hentry"],"jetpack_sharing_enabled":true,"_links":{"self":[{"href":"https:\/\/aaloe.ee\/et\/wp-json\/wp\/v2\/pages\/916","targetHints":{"allow":["GET"]}}],"collection":[{"href":"https:\/\/aaloe.ee\/et\/wp-json\/wp\/v2\/pages"}],"about":[{"href":"https:\/\/aaloe.ee\/et\/wp-json\/wp\/v2\/types\/page"}],"author":[{"embeddable":true,"href":"https:\/\/aaloe.ee\/et\/wp-json\/wp\/v2\/users\/1"}],"replies":[{"embeddable":true,"href":"https:\/\/aaloe.ee\/et\/wp-json\/wp\/v2\/comments?post=916"}],"version-history":[{"count":0,"href":"https:\/\/aaloe.ee\/et\/wp-json\/wp\/v2\/pages\/916\/revisions"}],"up":[{"embeddable":true,"href":"https:\/\/aaloe.ee\/et\/wp-json\/wp\/v2\/pages\/75"}],"wp:featuredmedia":[{"embeddable":true,"href":"https:\/\/aaloe.ee\/et\/wp-json\/wp\/v2\/media\/1560"}],"wp:attachment":[{"href":"https:\/\/aaloe.ee\/et\/wp-json\/wp\/v2\/media?parent=916"}],"curies":[{"name":"wp","href":"https:\/\/api.w.org\/{rel}","templated":true}]}}