{"id":914,"date":"2014-11-29T16:12:17","date_gmt":"2014-11-29T14:12:17","guid":{"rendered":"http:\/\/aaloe.ee\/?page_id=914"},"modified":"2016-10-03T13:22:13","modified_gmt":"2016-10-03T10:22:13","slug":"mesilastooted","status":"publish","type":"page","link":"https:\/\/aaloe.ee\/et\/tutvustus\/mesilastooted\/","title":{"rendered":"Mesilastooted"},"content":{"rendered":"<p style=\"text-align: justify;\"><span style=\"color: #999999;\">Juba aegade algusest on mesilased mett, mesilaspiima, vaha ja \u00f5ietolmu tootes h\u00e4mmastanud inimesi oma v\u00f5imekuse ja organiseerituse poolest.<\/span><\/p>\n<p style=\"text-align: justify;\"><span style=\"color: #999999;\">Forever Living Productsil on pakkuda mitu m\u00e4rkimisv\u00e4\u00e4rset 100% naturaalset mesilatoodet. Mesitarudele on leitud suurep\u00e4rane koht pestitsiididest ja muudest reostusainetest rikkumatus \u00fcmbruskonnas \u2013 merepinnast tublisti k\u00f5rgemal asuvates Arizona ja L\u00e4\u00e4ne-Ameerika asutamata regioonides. Forever Living Productsile kuulub mitu maailma suurimat \u00f6komesilat, kus kasutatakse uusimaid looduslikele tingimustele vastavaid patenditud seadmeid.<\/span><\/p>\n<p style=\"text-align: justify;\"><span style=\"color: #999999;\">K\u00f5ik\u00a0Forever Living Productsi mesilastooted on valmistatud vastavalt USA toidu- ja ravimiameti (FDA) ning USA p\u00f5llumajandusministeeriumi (USDA) rangeimatele n\u00f5udmistele. Need\u00a0on looduslikud ja toitainerikkad ning korjatud otse mesitarudest.<\/span><\/p>\n","protected":false},"excerpt":{"rendered":"<p>Juba aegade algusest on mesilased mett, mesilaspiima, vaha ja \u00f5ietolmu tootes h\u00e4mmastanud inimesi oma v\u00f5imekuse ja organiseerituse poolest. Forever Living Productsil on pakkuda mitu m\u00e4rkimisv\u00e4\u00e4rset 100% naturaalset mesilatoodet. Mesitarudele on leitud suurep\u00e4rane koht pestitsiididest ja muudest reostusainetest rikkumatus \u00fcmbruskonnas \u2013 merepinnast tublisti k\u00f5rgemal asuvates Arizona ja L\u00e4\u00e4ne-Ameerika asutamata regioonides. Forever Living Productsile kuulub mitu maailma suurimat \u00f6komesilat, kus kasutatakse uusimaid looduslikele tingimustele vastavaid patenditud seadmeid. K\u00f5ik\u00a0Forever Living Productsi mesilastooted on valmistatud vastavalt USA toidu- ja ravimiameti (FDA) ning USA p\u00f5llumajandusministeeriumi (USDA) rangeimatele n\u00f5udmistele. Need\u00a0on looduslikud ja toitainerikkad ning korjatud otse mesitarudest.<\/p>\n","protected":false},"author":1,"featured_media":1565,"parent":75,"menu_order":0,"comment_status":"closed","ping_status":"closed","template":"","meta":{"footnotes":""},"class_list":["post-914","page","type-page","status-publish","has-post-thumbnail","hentry"],"jetpack_sharing_enabled":true,"_links":{"self":[{"href":"https:\/\/aaloe.ee\/et\/wp-json\/wp\/v2\/pages\/914","targetHints":{"allow":["GET"]}}],"collection":[{"href":"https:\/\/aaloe.ee\/et\/wp-json\/wp\/v2\/pages"}],"about":[{"href":"https:\/\/aaloe.ee\/et\/wp-json\/wp\/v2\/types\/page"}],"author":[{"embeddable":true,"href":"https:\/\/aaloe.ee\/et\/wp-json\/wp\/v2\/users\/1"}],"replies":[{"embeddable":true,"href":"https:\/\/aaloe.ee\/et\/wp-json\/wp\/v2\/comments?post=914"}],"version-history":[{"count":0,"href":"https:\/\/aaloe.ee\/et\/wp-json\/wp\/v2\/pages\/914\/revisions"}],"up":[{"embeddable":true,"href":"https:\/\/aaloe.ee\/et\/wp-json\/wp\/v2\/pages\/75"}],"wp:featuredmedia":[{"embeddable":true,"href":"https:\/\/aaloe.ee\/et\/wp-json\/wp\/v2\/media\/1565"}],"wp:attachment":[{"href":"https:\/\/aaloe.ee\/et\/wp-json\/wp\/v2\/media?parent=914"}],"curies":[{"name":"wp","href":"https:\/\/api.w.org\/{rel}","templated":true}]}}