{"id":901,"date":"2014-11-29T12:37:23","date_gmt":"2014-11-29T10:37:23","guid":{"rendered":"http:\/\/aaloe.ee\/?page_id=901"},"modified":"2016-10-03T13:18:27","modified_gmt":"2016-10-03T10:18:27","slug":"joogid","status":"publish","type":"page","link":"https:\/\/aaloe.ee\/et\/tutvustus\/joogid\/","title":{"rendered":"Joogid"},"content":{"rendered":"<p style=\"text-align: justify;\"><span style=\"color: #999999;\">Teie tervise igak\u00fclgseks tugevdamiseks loodud neli erinevat mahla &#8211; aaloemahl, aaloe-marjanektar, aaloe-virsikunektar ja Forever Freedom- on valmistatud mahekasvatatud aaloe lehe siseosast ehk geelist. Aaloemahla v\u00f5iks nimetada vedelaks dieettoiduks. Selle koostises on 75 kasulikku elementi, mis on suurep\u00e4rane toidulisand tervislikul toitumisel. Aaloe toimib koos meie sisemise arsti ehk immuuns\u00fcsteemiga, rikastades seda puuduvate elementidega. Aaloemahla joomine h\u00f5lbustab seedimist ning toitainete imendumist, lisab vitamiine, mineraale ja aminohappeid.<\/span><\/p>\n<p style=\"text-align: justify;\"><span style=\"color: #999999;\">K\u00f5igi nelja mahla peamiseks koostisaineks on aaloe. Vastavalt\u00a0Foreveri patenditud protsessidele on sellesse lisatud minimaalne kogus aaloegeeli stabiliseerivaid aineid.<\/span><\/p>\n","protected":false},"excerpt":{"rendered":"<p>Teie tervise igak\u00fclgseks tugevdamiseks loodud neli erinevat mahla &#8211; aaloemahl, aaloe-marjanektar, aaloe-virsikunektar ja Forever Freedom- on valmistatud mahekasvatatud aaloe lehe siseosast ehk geelist. Aaloemahla v\u00f5iks nimetada vedelaks dieettoiduks. Selle koostises on 75 kasulikku elementi, mis on suurep\u00e4rane toidulisand tervislikul toitumisel. Aaloe toimib koos meie sisemise arsti ehk immuuns\u00fcsteemiga, rikastades seda puuduvate elementidega. Aaloemahla joomine h\u00f5lbustab seedimist ning toitainete imendumist, lisab vitamiine, mineraale ja aminohappeid. K\u00f5igi nelja mahla peamiseks koostisaineks on aaloe. Vastavalt\u00a0Foreveri patenditud protsessidele on sellesse lisatud minimaalne kogus aaloegeeli stabiliseerivaid aineid.<\/p>\n","protected":false},"author":2,"featured_media":1583,"parent":75,"menu_order":0,"comment_status":"closed","ping_status":"closed","template":"","meta":{"footnotes":""},"class_list":["post-901","page","type-page","status-publish","has-post-thumbnail","hentry"],"jetpack_sharing_enabled":true,"_links":{"self":[{"href":"https:\/\/aaloe.ee\/et\/wp-json\/wp\/v2\/pages\/901","targetHints":{"allow":["GET"]}}],"collection":[{"href":"https:\/\/aaloe.ee\/et\/wp-json\/wp\/v2\/pages"}],"about":[{"href":"https:\/\/aaloe.ee\/et\/wp-json\/wp\/v2\/types\/page"}],"author":[{"embeddable":true,"href":"https:\/\/aaloe.ee\/et\/wp-json\/wp\/v2\/users\/2"}],"replies":[{"embeddable":true,"href":"https:\/\/aaloe.ee\/et\/wp-json\/wp\/v2\/comments?post=901"}],"version-history":[{"count":0,"href":"https:\/\/aaloe.ee\/et\/wp-json\/wp\/v2\/pages\/901\/revisions"}],"up":[{"embeddable":true,"href":"https:\/\/aaloe.ee\/et\/wp-json\/wp\/v2\/pages\/75"}],"wp:featuredmedia":[{"embeddable":true,"href":"https:\/\/aaloe.ee\/et\/wp-json\/wp\/v2\/media\/1583"}],"wp:attachment":[{"href":"https:\/\/aaloe.ee\/et\/wp-json\/wp\/v2\/media?parent=901"}],"curies":[{"name":"wp","href":"https:\/\/api.w.org\/{rel}","templated":true}]}}