{"id":75,"date":"2014-11-13T21:07:20","date_gmt":"2014-11-13T19:07:20","guid":{"rendered":"http:\/\/aaloe.ee\/?page_id=75"},"modified":"2017-02-27T10:42:58","modified_gmt":"2017-02-27T08:42:58","slug":"tutvustus","status":"publish","type":"page","link":"https:\/\/aaloe.ee\/et\/tutvustus\/","title":{"rendered":"Tutvustus"},"content":{"rendered":"<h3><span style=\"color: #99cc00;\">Roheline kuld<\/span><strong><span style=\"color: #99cc00;\"><br \/>\n<\/span><\/strong><\/h3>\n<p style=\"text-align: justify;\"><span style=\"color: #999999;\">Loodus on meile kinkinud n\u00f5nda palju ande. Meie teadus aitab rakendada k\u00f5ik nende v\u00f5imalused. Foreveris t\u00f6\u00f6tavad oma ala parimad teadlased \u2013 maailma tootearendusliidrid. T\u00e4nu sellele on\u00a0 Foreveril\u00a0 unikaalseid tooteid, suurep\u00e4rased\u00a0 lemmikud\u00a0 Aloe Vera Gel, Forever Freedom\u00b4it, hambageeli Forever Bright ja meie Sonya Skin Care, Fleur de Jouvence\u00a0 vananemisvastased tooted jne.<\/span><\/p>\n<p style=\"text-align: justify;\"><span style=\"color: #999999;\">Meie juhtpositsioon aaloe teadusvallas on tagatiseks, et saate k\u00f5ige uuemaid ja efektiivsemad tooteid. V\u00f5imalikult t\u00f5husaks toimimiseks s\u00e4ilitatakse meie erilise saagikoristus- ja stabiliseerimismeetoditega aaloe v\u00e4rskus. Otsige Rahvusvahelise aaloe teadusn\u00f5ukogu tunnustusm\u00e4rki.<\/span><\/p>\n<p style=\"text-align: justify;\"><a href=\"http:\/\/aaloe.ee\/wp-content\/uploads\/2016\/10\/rahvusvaheline-aaloe-sertifikaat.png\"><img loading=\"lazy\" decoding=\"async\" class=\"alignnone wp-image-2408\" src=\"http:\/\/aaloe.ee\/wp-content\/uploads\/2016\/10\/rahvusvaheline-aaloe-sertifikaat.png\" alt=\"Rahvusvaheline Aloe Sertifikaat\" width=\"134\" height=\"134\" srcset=\"https:\/\/aaloe.ee\/wp-content\/uploads\/2016\/10\/rahvusvaheline-aaloe-sertifikaat.png 150w, https:\/\/aaloe.ee\/wp-content\/uploads\/2016\/10\/rahvusvaheline-aaloe-sertifikaat-100x100.png 100w\" sizes=\"auto, (max-width: 134px) 100vw, 134px\" \/><\/a><\/p>\n<h3><span style=\"color: #99cc00;\">Kasvatamine ja saagikoristus<\/span><\/h3>\n<p style=\"text-align: justify;\"><span style=\"color: #999999;\">Aaloe on meie tervise l\u00e4te, meie ebatavaliste toodete l\u00e4te, meie \u00e4ri l\u00e4te. P\u00fc\u00fcame eriti valvsalt tagada, et teieni j\u00f5uaks maailma parim aaloe. Seep\u00e4rast kuuluvad k\u00f5ik meie istandused meile endile.<\/span><\/p>\n<p style=\"text-align: justify;\"><span style=\"color: #999999;\">Forever Living Products\u00b4il on aaloeistandused P\u00f5hja-Mehhikos ja L\u00f5una-Texases Rio Grande orus. Meie peamine aaloeallikas \u2013 maailma suurim (5000 aakrine) istandus \u2013 asub aga Dominikaani Vabariigis.<\/span><\/p>\n<p style=\"text-align: justify;\"><span style=\"color: #999999;\">Pestitsiide asemel kasutame me kitsi ja lambaid, et v\u00f5idelda loomulikul viisil umbrohu vastu ning muretseda 100% looduslikku v\u00e4etist. Sellisel moel kasvatame suurep\u00e4rast saaki, tegemata kompromisse aaloe kvaliteedi ega keskkonna p\u00e4rast.<\/span><\/p>\n<p style=\"text-align: justify;\"><span style=\"color: #999999;\">V\u00e4rbame kohalikke p\u00f5llumehi ning loome head t\u00f6\u00f6tingimused. J\u00e4rjepidev t\u00f6\u00f6 ja tulu on sageli need asjad, mille p\u00e4rast teised linnakesed meid kadestavad.\u00a0Meie p\u00f5llumehed korjavad saagi v\u00e4ga hoolikalt k\u00e4sitsi. Lehed t\u00f6\u00f6deldakse \u00fcmber m\u00f5ne tunni jooksul, t\u00e4nu millele j\u00f5uab teieni k\u00f5ige ehedam ja v\u00e4rskem muutumatute naturaalsete omadustega aaloegeel.<\/span><\/p>\n<h3><span style=\"color: #99cc00;\">\u00c4rge usaldage \u00fcksnes meie s\u00f5nu, vaid\u00a0 <span style=\"color: #ff6600;\">PROOVI<\/span>\u00a0ja\u00a0 <span style=\"color: #ff6600;\">KOGE<\/span>\u00a0ja\u00a0 <span style=\"color: #ff6600;\">T\u00d5DE<\/span><br \/>\n<\/span><\/h3>\n<p style=\"text-align: justify;\"><span style=\"color: #999999;\">Kui soovite aaloe tervislikkuse kohta rohkem lugeda, kl\u00f5psake neid viiteid:<\/span><\/p>\n<h3 style=\"text-align: center;\"><span style=\"color: #99cc00;\"><a style=\"color: #99cc00;\" href=\"http:\/\/aaloe.ee\/wp-content\/uploads\/2014\/11\/10-p\u00f5hjust-aaloemahla-joomiseks.pdf\">10 p\u00f5hjust aaloemahla joomiseks<\/a><\/span><\/h3>\n<h3 style=\"text-align: center;\"><span style=\"color: #99cc00;\"><a style=\"color: #99cc00;\" href=\"http:\/\/aaloe.ee\/wp-content\/uploads\/2014\/11\/Forever-hambageel.pdf\">Forever hambageel<\/a><\/span><\/h3>\n<h3><span style=\"color: #ff9900;\">Nautige aaloed<\/span><\/h3>\n<h3 style=\"text-align: justify;\"><span style=\"color: #99cc00;\">Midagi enamat kui p\u00f5letusvastane geel<\/span><\/h3>\n<p style=\"text-align: justify;\"><span style=\"color: #999999;\">K\u00fcllap teate, et aaloe on jahutamisomadusega taim, mis ravib p\u00f5letust ja muid naha\u00e4rritusi. P\u00f5letushaavade ravi on k\u00fcll aaloe imetabane omadus, kuid see taim suudab veelgi enam. Aaloe on turdtaim, mis v\u00f5ib h\u00e4sti kasvada ka k\u00f5ige kuivemas k\u00f5rbes. Selle elegantsed m\u00f5\u00f5gataolised lehed on t\u00e4is sadu toitaineid ja elut\u00e4htsat niiskust, mis on inimorganismile kasulik nii sees- kui ka v\u00e4lispidiselt.<\/span><\/p>\n<p style=\"text-align: justify;\"><span style=\"color: #999999;\">Forever Living pakub suurel hulgal ehedaimast ja t\u00f5husaimast stabiliseeritud aaloest valmistatud tooteid. M\u00e4rkate aaloe ainulaadsust kohe ja k\u00f5ikjal alates toitvatest jookidest kuni rahustavate ihupiimade ja ilutoodeteni. K\u00f5ik meie pakutavad tooted toidavad ja rahustavad, aidates parandada organismi \u00fcldtervislikku seisukorda ja teie enesetunnet.<\/span><\/p>\n<h3><span style=\"color: #99cc00;\">Toitvad joogid<\/span><\/h3>\n<h3><span style=\"color: #ff9900;\">Miks tasub juua aaloejooke?<\/span><\/h3>\n<p style=\"text-align: justify;\"><span style=\"color: #999999;\">T\u00e4nu v\u00e4\u00e4rtuslikele omadustele on aaloe suurep\u00e4rane toitaineallikas. Aaloe sisaldab rohkelt tervisele v\u00e4ga olulisi naturaalseid aineid: 20 mineraali, 18 aminohapet ja 12 vitamiini. Aaloe on vitamiini B12 ainus taimne l\u00e4te.<\/span><\/p>\n<p style=\"text-align: justify;\"><span style=\"color: #999999;\">Meie erilised aaloejoogid on ehedast aaloe viljalihast ja vedelikust valmistatud rikkaliku koostisega kokteilid, mille iga portsjon toidab teie keha, on kasulik seedetraktile, annab energiat ja teeb k\u00f5hu t\u00e4is.<\/span><\/p>\n<h3><span style=\"color: #99cc00;\">V\u00e4lispidine kasutus<\/span><\/h3>\n<h3><span style=\"color: #ff9900;\">Aaloe kasulikud omadused<\/span><\/h3>\n<p style=\"text-align: justify;\"><span style=\"color: #999999;\">Aaloe on \u00fcks vanemaid hinnatud looduslikke vahendeid, mida on juba ammustest aegadest v\u00e4\u00e4rtustatud selle loomuliku rahustava, jahutava ja niisutava omaduse poolest. Nahale kantud aaloe v\u00f5ib ravida p\u00f5letushaavu, rahustada ja niisutada v\u00e4sinud nahka ning t\u00f5hustada isegi naha loomulikku paranemist.<\/span><\/p>\n<h3 style=\"text-align: justify;\"><span style=\"color: #99cc00;\">Juuksed ja ilu<\/span><\/h3>\n<h3 style=\"text-align: justify;\"><span style=\"color: #ff9900;\">Iidsed ilusaladused<\/span><\/h3>\n<p style=\"text-align: justify;\"><span style=\"color: #999999;\">Legendaarne Egiptuse valitsejanna Kleopatra pidas aaloe omadustest v\u00e4ga lugu. Arvatakse, et ta m\u00e4\u00e4ris aaloegeeli oma nahale ning koguni k\u00fcmbles selles. See oli \u00fcks tema muinasjutulise ilu saladusi.<\/span><\/p>\n<p style=\"text-align: justify;\"><span style=\"color: #999999;\">Aaloe on k\u00f5rbetaim, millel on suurep\u00e4rane v\u00f5ime imada ja s\u00e4ilitada niiskust. See sisaldab enam kui 200 v\u00e4\u00e4rt komponenti, t\u00e4nu millele on teie nahk ja juuksed s\u00e4ravad ning p\u00fcsivad nooruslikud:<\/span><\/p>\n<ul>\n<li><span style=\"color: #999999;\">salits\u00fc\u00fclhape \u2013 looduslik koorija, mida soovitavad dermatoloogid<\/span><\/li>\n<li><span style=\"color: #999999;\">12 vitamiini, sealhulgas antioks\u00fcdandist A-, C- ja E-vitamiin<\/span><\/li>\n<li><span style=\"color: #999999;\">18 aminohapet, nende seas 8 olulist aminohapet, mida organism ei suuda toota<\/span><\/li>\n<li><span style=\"color: #999999;\">kasulikud ens\u00fc\u00fcmid<\/span><\/li>\n<li><span style=\"color: #999999;\">palju muid toitaineid<\/span><\/li>\n<\/ul>\n<p><span style=\"color: #999999;\">Meie toodete sertifikaadid<\/span><\/p>\n<p><span style=\"color: #999999;\">Tunnustatud kvaliteet<\/span><\/p>\n<p style=\"text-align: justify;\"><span style=\"color: #999999;\">Forever Living\u00b4u eesm\u00e4rk on pakkuda teile parimat kaupa. Seda \u00f6eldes peame silmas midagi enamat kui t\u00f5husad tooted. J\u00e4rgime k\u00f5rgeimaid standardeid ning p\u00fc\u00fcame aktiivselt v\u00e4lja teenida teiste organisatsioonide sertifikaate, et seda teile t\u00f5estada.<\/span><\/p>\n<h3><span style=\"color: #ff9900;\">\u00a0Otsige meie toodetelt j\u00e4rgmisi t\u00e4hiseid:<\/span><\/h3>\n<ol>\n<li><span style=\"color: #999999;\">Rahvusvahelise aaloe teadusn\u00f5ukogu m\u00e4rk<\/span><\/li>\n<li><span style=\"color: #999999;\">PETA Cruelty Free (Inimesed eetilise loomakohtlemise eest)<\/span><\/li>\n<li><span style=\"color: #999999;\">Islamic Seal of Approval (islami tunnustusm\u00e4rk)<\/span><\/li>\n<li><span style=\"color: #999999;\">Kosher (ko\u0161\u0161er)<\/span><\/li>\n<li><span style=\"color: #999999;\">Halal (islamiusulistele sobiv)<\/span><\/li>\n<li><span style=\"color: #999999;\">GMO vaba<\/span><\/li>\n<li><span style=\"color: #999999;\">K\u00f6lni Liste &#8211; Vaata :\u00a0<\/span><br \/>\n<h3><a style=\"color: #ff9900;\" href=\"http:\/\/aaloe.ee\/wp-content\/uploads\/2014\/11\/K\u00f6lni-Liste.pdf\">Dopinguvabade toodete nimekiri<\/a><\/h3>\n<\/li>\n<\/ol>\n<h3><a href=\"http:\/\/aaloe.ee\/wp-content\/uploads\/2016\/10\/rahvusvaheline-aaloe-sertifikaat.png\"><img loading=\"lazy\" decoding=\"async\" class=\"alignnone wp-image-2408\" src=\"http:\/\/aaloe.ee\/wp-content\/uploads\/2016\/10\/rahvusvaheline-aaloe-sertifikaat.png\" alt=\"Rahvusvaheline Aloe Sertifikaat\" width=\"134\" height=\"134\" srcset=\"https:\/\/aaloe.ee\/wp-content\/uploads\/2016\/10\/rahvusvaheline-aaloe-sertifikaat.png 150w, https:\/\/aaloe.ee\/wp-content\/uploads\/2016\/10\/rahvusvaheline-aaloe-sertifikaat-100x100.png 100w\" sizes=\"auto, (max-width: 134px) 100vw, 134px\" \/><\/a>\u00a0<a href=\"http:\/\/aaloe.ee\/wp-content\/uploads\/2016\/10\/looma-kaitse-sertifikaat.png\"><img loading=\"lazy\" decoding=\"async\" class=\"alignnone wp-image-2406\" src=\"http:\/\/aaloe.ee\/wp-content\/uploads\/2016\/10\/looma-kaitse-sertifikaat.png\" alt=\"Looma kaitse sertifikaat\" width=\"134\" height=\"134\" srcset=\"https:\/\/aaloe.ee\/wp-content\/uploads\/2016\/10\/looma-kaitse-sertifikaat.png 150w, https:\/\/aaloe.ee\/wp-content\/uploads\/2016\/10\/looma-kaitse-sertifikaat-100x100.png 100w\" sizes=\"auto, (max-width: 134px) 100vw, 134px\" \/><\/a>\u00a0<a href=\"http:\/\/aaloe.ee\/wp-content\/uploads\/2016\/10\/islamic-seal-of-approval.png\"><img loading=\"lazy\" decoding=\"async\" class=\"alignnone wp-image-2398\" src=\"http:\/\/aaloe.ee\/wp-content\/uploads\/2016\/10\/islamic-seal-of-approval.png\" alt=\"Islamic seal on approval\" width=\"134\" height=\"134\" srcset=\"https:\/\/aaloe.ee\/wp-content\/uploads\/2016\/10\/islamic-seal-of-approval.png 150w, https:\/\/aaloe.ee\/wp-content\/uploads\/2016\/10\/islamic-seal-of-approval-100x100.png 100w\" sizes=\"auto, (max-width: 134px) 100vw, 134px\" \/><\/a><a href=\"http:\/\/aaloe.ee\/wp-content\/uploads\/2016\/10\/halal-sertifikaat.png\"><img loading=\"lazy\" decoding=\"async\" class=\"alignnone wp-image-2396\" src=\"http:\/\/aaloe.ee\/wp-content\/uploads\/2016\/10\/halal-sertifikaat.png\" alt=\"Halal sertifikaat\" width=\"134\" height=\"134\" srcset=\"https:\/\/aaloe.ee\/wp-content\/uploads\/2016\/10\/halal-sertifikaat.png 150w, https:\/\/aaloe.ee\/wp-content\/uploads\/2016\/10\/halal-sertifikaat-100x100.png 100w\" sizes=\"auto, (max-width: 134px) 100vw, 134px\" \/><\/a><a href=\"http:\/\/aaloe.ee\/wp-content\/uploads\/2016\/10\/kosher-sertifikaat.png\"><img loading=\"lazy\" decoding=\"async\" class=\"alignnone wp-image-2402\" src=\"http:\/\/aaloe.ee\/wp-content\/uploads\/2016\/10\/kosher-sertifikaat.png\" alt=\"Kosher sertifikaat\" width=\"134\" height=\"134\" srcset=\"https:\/\/aaloe.ee\/wp-content\/uploads\/2016\/10\/kosher-sertifikaat.png 150w, https:\/\/aaloe.ee\/wp-content\/uploads\/2016\/10\/kosher-sertifikaat-100x100.png 100w\" sizes=\"auto, (max-width: 134px) 100vw, 134px\" \/><\/a>\u00a0 \u00a0<a href=\"http:\/\/aaloe.ee\/wp-content\/uploads\/2016\/10\/gmo-sertifikaat.png\"><img loading=\"lazy\" decoding=\"async\" class=\"alignnone wp-image-2394\" src=\"http:\/\/aaloe.ee\/wp-content\/uploads\/2016\/10\/gmo-sertifikaat.png\" alt=\"GMO sertifikaat\" width=\"134\" height=\"134\" srcset=\"https:\/\/aaloe.ee\/wp-content\/uploads\/2016\/10\/gmo-sertifikaat.png 150w, https:\/\/aaloe.ee\/wp-content\/uploads\/2016\/10\/gmo-sertifikaat-100x100.png 100w\" sizes=\"auto, (max-width: 134px) 100vw, 134px\" \/><\/a>\u00a0 \u00a0\u00a0<a href=\"http:\/\/aaloe.ee\/wp-content\/uploads\/2016\/10\/kolner-liste-sertifikaat.png\"><img loading=\"lazy\" decoding=\"async\" class=\"alignnone wp-image-2400\" src=\"http:\/\/aaloe.ee\/wp-content\/uploads\/2016\/10\/kolner-liste-sertifikaat.png\" alt=\"Kolner Liste sertikaat\" width=\"134\" height=\"134\" srcset=\"https:\/\/aaloe.ee\/wp-content\/uploads\/2016\/10\/kolner-liste-sertifikaat.png 150w, https:\/\/aaloe.ee\/wp-content\/uploads\/2016\/10\/kolner-liste-sertifikaat-100x100.png 100w\" sizes=\"auto, (max-width: 134px) 100vw, 134px\" \/><\/a><\/h3>\n<h3><a style=\"color: #ff9900;\" href=\"http:\/\/registracija.foreverliving.lt\/et\/\" target=\"_blank\" rel=\"noopener\">Liitu meiega<\/a><\/h3>\n<h3><span style=\"color: #99cc00;\">Miks tasub olla Foreveri edasim\u00fc\u00fcja?<\/span><\/h3>\n<ul>\n<li><span style=\"color: #999999;\">Saate osta tooteid soodushinnaga<\/span><\/li>\n<li><span style=\"color: #999999;\">Saate liitumist teistelegi soovitada<\/span><\/li>\n<li><span style=\"color: #999999;\">Saate luua oma \u00e4ri<\/span><\/li>\n<li><span style=\"color: #999999;\">Kuulute kiiresti kasvavasse rahvusvahelisse ettev\u00f5ttesse<\/span><\/li>\n<\/ul>\n<p><span style=\"color: #999999;\">Kui soovite teada, kuidas Foreveri edasim\u00fc\u00fcjaks saada, kirjutage meile aadressil<\/span>\u00a0 <a href=\"\/?page_id=102\"><span style=\"color: #0000ff;\">info@aaloe.ee<\/span><\/a><\/p>\n<h3><span style=\"color: #999999;\">Kui olete meie \u00e4ris\u00fcsteemiga juba tutvunud ja soovite n\u00fc\u00fcd Foreveri edasim\u00fc\u00fcjaks saada, t\u00e4itke see\u00a0<\/span>\u00a0 <span style=\"color: #99cc00;\"><a style=\"color: #99cc00;\" href=\"http:\/\/registracija.foreverliving.lt\/et\/\" target=\"_blank\" rel=\"noopener\">lepinguvorm<\/a>.<\/span><\/h3>\n","protected":false},"excerpt":{"rendered":"<p>Roheline kuld Loodus on meile kinkinud n\u00f5nda palju ande. Meie teadus aitab rakendada k\u00f5ik nende v\u00f5imalused. Foreveris t\u00f6\u00f6tavad oma ala parimad teadlased \u2013 maailma tootearendusliidrid. T\u00e4nu sellele on\u00a0 Foreveril\u00a0 unikaalseid tooteid, suurep\u00e4rased\u00a0 lemmikud\u00a0 Aloe Vera Gel, Forever Freedom\u00b4it, hambageeli Forever Bright ja meie Sonya Skin Care, Fleur de Jouvence\u00a0 vananemisvastased tooted jne. Meie juhtpositsioon aaloe teadusvallas on tagatiseks, et saate k\u00f5ige uuemaid ja efektiivsemad tooteid. V\u00f5imalikult t\u00f5husaks toimimiseks s\u00e4ilitatakse meie erilise saagikoristus- ja stabiliseerimismeetoditega aaloe v\u00e4rskus. Otsige Rahvusvahelise aaloe teadusn\u00f5ukogu tunnustusm\u00e4rki. Kasvatamine ja saagikoristus Aaloe on meie tervise l\u00e4te, meie ebatavaliste toodete l\u00e4te, meie \u00e4ri l\u00e4te. P\u00fc\u00fcame eriti valvsalt tagada, et teieni j\u00f5uaks maailma parim aaloe. Seep\u00e4rast kuuluvad k\u00f5ik meie istandused meile endile. Forever Living Products\u00b4il on aaloeistandused P\u00f5hja-Mehhikos ja L\u00f5una-Texases Rio Grande orus. Meie peamine aaloeallikas \u2013 maailma suurim (5000 aakrine) istandus \u2013 asub aga Dominikaani Vabariigis. Pestitsiide asemel kasutame me kitsi ja lambaid, et v\u00f5idelda loomulikul viisil umbrohu vastu ning muretseda 100% looduslikku v\u00e4etist. Sellisel moel kasvatame suurep\u00e4rast saaki, tegemata kompromisse aaloe kvaliteedi ega keskkonna p\u00e4rast. V\u00e4rbame kohalikke p\u00f5llumehi ning loome head t\u00f6\u00f6tingimused. J\u00e4rjepidev t\u00f6\u00f6 ja tulu on sageli need asjad, mille p\u00e4rast teised linnakesed meid kadestavad.\u00a0Meie p\u00f5llumehed korjavad saagi v\u00e4ga hoolikalt k\u00e4sitsi. Lehed t\u00f6\u00f6deldakse \u00fcmber m\u00f5ne tunni jooksul, t\u00e4nu millele j\u00f5uab teieni k\u00f5ige ehedam ja v\u00e4rskem muutumatute naturaalsete omadustega aaloegeel. \u00c4rge usaldage \u00fcksnes meie s\u00f5nu, vaid\u00a0 PROOVI\u00a0ja\u00a0 KOGE\u00a0ja\u00a0 T\u00d5DE Kui soovite aaloe tervislikkuse kohta rohkem lugeda, kl\u00f5psake neid viiteid: 10 p\u00f5hjust aaloemahla joomiseks Forever hambageel Nautige aaloed Midagi enamat kui p\u00f5letusvastane geel K\u00fcllap teate, et aaloe on jahutamisomadusega taim, mis ravib p\u00f5letust ja muid naha\u00e4rritusi. P\u00f5letushaavade ravi on k\u00fcll aaloe imetabane omadus, kuid see taim suudab veelgi enam. Aaloe on turdtaim, mis v\u00f5ib h\u00e4sti kasvada ka k\u00f5ige kuivemas k\u00f5rbes. Selle elegantsed m\u00f5\u00f5gataolised lehed on t\u00e4is sadu toitaineid ja elut\u00e4htsat niiskust, mis on inimorganismile kasulik nii sees- kui ka v\u00e4lispidiselt. Forever Living pakub suurel hulgal ehedaimast ja t\u00f5husaimast stabiliseeritud aaloest valmistatud tooteid. M\u00e4rkate aaloe ainulaadsust kohe ja k\u00f5ikjal alates toitvatest jookidest kuni rahustavate ihupiimade ja ilutoodeteni. K\u00f5ik meie pakutavad tooted toidavad ja rahustavad, aidates parandada organismi \u00fcldtervislikku seisukorda ja teie enesetunnet. Toitvad joogid Miks tasub juua aaloejooke? T\u00e4nu v\u00e4\u00e4rtuslikele omadustele on aaloe suurep\u00e4rane toitaineallikas. Aaloe sisaldab rohkelt tervisele v\u00e4ga olulisi naturaalseid aineid: 20 mineraali, 18 aminohapet ja 12 vitamiini. Aaloe on vitamiini B12 ainus taimne l\u00e4te. Meie erilised aaloejoogid on ehedast aaloe viljalihast ja vedelikust valmistatud rikkaliku koostisega kokteilid, mille iga portsjon toidab teie keha, on kasulik seedetraktile, annab energiat ja teeb k\u00f5hu t\u00e4is. V\u00e4lispidine kasutus Aaloe kasulikud omadused Aaloe on \u00fcks vanemaid hinnatud looduslikke vahendeid, mida on juba ammustest aegadest v\u00e4\u00e4rtustatud selle loomuliku rahustava, jahutava ja niisutava omaduse poolest. Nahale kantud aaloe v\u00f5ib ravida p\u00f5letushaavu, rahustada ja niisutada v\u00e4sinud nahka ning t\u00f5hustada isegi naha loomulikku paranemist. Juuksed ja ilu Iidsed ilusaladused Legendaarne Egiptuse valitsejanna Kleopatra pidas aaloe omadustest v\u00e4ga lugu. Arvatakse, et ta m\u00e4\u00e4ris aaloegeeli oma nahale ning koguni k\u00fcmbles selles. See oli \u00fcks tema muinasjutulise ilu saladusi. Aaloe on k\u00f5rbetaim, millel on suurep\u00e4rane v\u00f5ime imada ja s\u00e4ilitada niiskust. See sisaldab enam kui 200 v\u00e4\u00e4rt komponenti, t\u00e4nu millele on teie nahk ja juuksed s\u00e4ravad ning p\u00fcsivad nooruslikud: salits\u00fc\u00fclhape \u2013 looduslik koorija, mida soovitavad dermatoloogid 12 vitamiini, sealhulgas antioks\u00fcdandist A-, C- ja E-vitamiin 18 aminohapet, nende seas 8 olulist aminohapet, mida organism ei suuda toota kasulikud ens\u00fc\u00fcmid palju muid toitaineid Meie toodete sertifikaadid Tunnustatud kvaliteet Forever Living\u00b4u eesm\u00e4rk on pakkuda teile parimat kaupa. Seda \u00f6eldes peame silmas midagi enamat kui t\u00f5husad tooted. J\u00e4rgime k\u00f5rgeimaid standardeid ning p\u00fc\u00fcame aktiivselt v\u00e4lja teenida teiste organisatsioonide sertifikaate, et seda teile t\u00f5estada. \u00a0Otsige meie toodetelt j\u00e4rgmisi t\u00e4hiseid: Rahvusvahelise aaloe teadusn\u00f5ukogu m\u00e4rk PETA Cruelty Free (Inimesed eetilise loomakohtlemise eest) Islamic Seal of Approval (islami tunnustusm\u00e4rk) Kosher (ko\u0161\u0161er) Halal (islamiusulistele sobiv) GMO vaba K\u00f6lni Liste &#8211; Vaata :\u00a0 Dopinguvabade toodete nimekiri \u00a0\u00a0\u00a0 \u00a0\u00a0 \u00a0\u00a0 Liitu meiega Miks tasub olla Foreveri edasim\u00fc\u00fcja? Saate osta tooteid soodushinnaga Saate liitumist teistelegi soovitada Saate luua oma \u00e4ri Kuulute kiiresti kasvavasse rahvusvahelisse ettev\u00f5ttesse Kui soovite teada, kuidas Foreveri edasim\u00fc\u00fcjaks saada, kirjutage meile aadressil\u00a0 info@aaloe.ee Kui olete meie \u00e4ris\u00fcsteemiga juba tutvunud ja soovite n\u00fc\u00fcd Foreveri edasim\u00fc\u00fcjaks saada, t\u00e4itke see\u00a0\u00a0 lepinguvorm.<\/p>\n","protected":false},"author":1,"featured_media":0,"parent":0,"menu_order":0,"comment_status":"closed","ping_status":"closed","template":"","meta":{"footnotes":""},"class_list":["post-75","page","type-page","status-publish","hentry"],"jetpack_sharing_enabled":true,"_links":{"self":[{"href":"https:\/\/aaloe.ee\/et\/wp-json\/wp\/v2\/pages\/75","targetHints":{"allow":["GET"]}}],"collection":[{"href":"https:\/\/aaloe.ee\/et\/wp-json\/wp\/v2\/pages"}],"about":[{"href":"https:\/\/aaloe.ee\/et\/wp-json\/wp\/v2\/types\/page"}],"author":[{"embeddable":true,"href":"https:\/\/aaloe.ee\/et\/wp-json\/wp\/v2\/users\/1"}],"replies":[{"embeddable":true,"href":"https:\/\/aaloe.ee\/et\/wp-json\/wp\/v2\/comments?post=75"}],"version-history":[{"count":0,"href":"https:\/\/aaloe.ee\/et\/wp-json\/wp\/v2\/pages\/75\/revisions"}],"wp:attachment":[{"href":"https:\/\/aaloe.ee\/et\/wp-json\/wp\/v2\/media?parent=75"}],"curies":[{"name":"wp","href":"https:\/\/api.w.org\/{rel}","templated":true}]}}