{"id":70,"date":"2023-09-05T16:10:46","date_gmt":"2023-09-05T13:10:46","guid":{"rendered":"http:\/\/aaloe.ee\/?page_id=70"},"modified":"2025-06-23T17:00:09","modified_gmt":"2025-06-23T14:00:09","slug":"aloe-vera","status":"publish","type":"page","link":"https:\/\/aaloe.ee\/et\/aloe-vera\/","title":{"rendered":"Aloe Vera &#8211; Taimest tooteks"},"content":{"rendered":"<h3 style=\"text-align: left;\"><span style=\"color: #ff9900;\">Ettev\u00f5ttest Forever Living :<\/span><strong><span style=\"color: #ff9900;\">\u00a0<\/span><\/strong><span style=\"color: #99cc00;\">Taimest tooteks<\/span><\/h3>\n<p style=\"text-align: justify;\"><span style=\"color: #ff6600;\"><a href=\"http:\/\/aaloe.ee\/wp-content\/uploads\/2016\/10\/mis-on-forever.png\"><img loading=\"lazy\" decoding=\"async\" class=\"alignleft wp-image-1074 \" src=\"http:\/\/aaloe.ee\/wp-content\/uploads\/2016\/10\/mis-on-forever.png\" alt=\"Taimest tooteni\" width=\"275\" height=\"275\" \/><\/a><\/span><span style=\"color: #999999;\">Asutatud aastal 1978 ja tegutsedes\u00a0enam kui 160 riigis, on\u00a0Forever ja selle t\u00fctarettev\u00f5tted muutunud suurimaks Aloe Vera ja mesilassaaduste\u00a0kasvatajaks, tootjaks ja turustajaks\u00a0maailmas. V\u00e4ltides herbitsiide ja pestitsiide\u00a0meie patenteeritud stabiliseerimisetapis, tagame, et\u00a0meie Aloe Vera on sisuliselt identne taimelehe sisemise\u00a0geeliga. Ja kuna me ei s\u00f5ltu teistest tarnijatest, saame tagada meie aaloe k\u00f5rge kvaliteedi. Foreveri strateegia annab v\u00f5imaluse kontrollida kvaliteeti ja hinda igal<\/span> <span style=\"color: #999999;\">sammul \u2013 toorainest l\u00f5pptoodeteni, mida te armastate.<\/span><\/p>\n<p style=\"text-align: justify;\"><span style=\"color: #999999;\">Meie edu v\u00f5ti on meie toodete <span style=\"text-decoration: underline;\">kvaliteet\u00a0ja puhtus<\/span>. Toodete valmistamisel alustame 100% sisemisest aaloelehe geelist,\u00a0lisades parajalt abiained, et tagada toote toimivus. Meie toodete mitmek\u00fclgsus t\u00e4hendab, et meie Aloe Verat v\u00f5ib nii juua kui ka m\u00e4\u00e4rida nahale. Meie tooteid ei ole katsetatud loomadel, Forever\u00a0on m\u00e4rk looduse v\u00f5imest aidata meil v\u00e4lja n\u00e4ha ja tunda end paremini.<\/span><\/p>\n<p style=\"text-align: justify;\"><span style=\"color: #999999;\">Forever Living Products &#8211; see on k\u00f5rge kvaliteediga tervise- ja ilutooted, \u00f6koloogiliselt puhas tootmine ning hooliv suhtumine oma <a href=\"https:\/\/ermilaofficial.com.ua\/\" target=\"_blank\" rel=\"noopener\">ermilaofficial<\/a>.<\/span><\/p>\n<p><strong><span style=\"color: #999999;\">N\u00e4e parem v\u00e4lja. Tunne ennast paremini.<\/span><\/strong><\/p>\n\n\n<p><\/p>\n","protected":false},"excerpt":{"rendered":"<p>Ettev\u00f5ttest Forever Living :\u00a0Taimest tooteks Asutatud aastal 1978 ja tegutsedes\u00a0enam kui 160 riigis, on\u00a0Forever ja selle t\u00fctarettev\u00f5tted muutunud suurimaks Aloe Vera ja mesilassaaduste\u00a0kasvatajaks, tootjaks ja turustajaks\u00a0maailmas. V\u00e4ltides herbitsiide ja pestitsiide\u00a0meie patenteeritud stabiliseerimisetapis, tagame, et\u00a0meie Aloe Vera on sisuliselt identne taimelehe sisemise\u00a0geeliga. Ja kuna me ei s\u00f5ltu teistest tarnijatest, saame tagada meie aaloe k\u00f5rge kvaliteedi. Foreveri strateegia annab v\u00f5imaluse kontrollida kvaliteeti ja hinda igal sammul \u2013 toorainest l\u00f5pptoodeteni, mida te armastate. Meie edu v\u00f5ti on meie toodete kvaliteet\u00a0ja puhtus. Toodete valmistamisel alustame 100% sisemisest aaloelehe geelist,\u00a0lisades parajalt abiained, et tagada toote toimivus. Meie toodete mitmek\u00fclgsus t\u00e4hendab, et meie Aloe Verat v\u00f5ib nii juua kui ka m\u00e4\u00e4rida nahale. Meie tooteid ei ole katsetatud loomadel, Forever\u00a0on m\u00e4rk looduse v\u00f5imest aidata meil v\u00e4lja n\u00e4ha ja tunda end paremini. Forever Living Products &#8211; see on k\u00f5rge kvaliteediga tervise- ja ilutooted, \u00f6koloogiliselt puhas tootmine ning hooliv suhtumine oma ermilaofficial. N\u00e4e parem v\u00e4lja. Tunne ennast paremini.<\/p>\n","protected":false},"author":2,"featured_media":0,"parent":0,"menu_order":0,"comment_status":"closed","ping_status":"closed","template":"","meta":{"footnotes":""},"class_list":["post-70","page","type-page","status-publish","hentry"],"jetpack_sharing_enabled":true,"_links":{"self":[{"href":"https:\/\/aaloe.ee\/et\/wp-json\/wp\/v2\/pages\/70","targetHints":{"allow":["GET"]}}],"collection":[{"href":"https:\/\/aaloe.ee\/et\/wp-json\/wp\/v2\/pages"}],"about":[{"href":"https:\/\/aaloe.ee\/et\/wp-json\/wp\/v2\/types\/page"}],"author":[{"embeddable":true,"href":"https:\/\/aaloe.ee\/et\/wp-json\/wp\/v2\/users\/2"}],"replies":[{"embeddable":true,"href":"https:\/\/aaloe.ee\/et\/wp-json\/wp\/v2\/comments?post=70"}],"version-history":[{"count":0,"href":"https:\/\/aaloe.ee\/et\/wp-json\/wp\/v2\/pages\/70\/revisions"}],"wp:attachment":[{"href":"https:\/\/aaloe.ee\/et\/wp-json\/wp\/v2\/media?parent=70"}],"curies":[{"name":"wp","href":"https:\/\/api.w.org\/{rel}","templated":true}]}}