{"id":2745,"date":"2016-10-10T23:32:40","date_gmt":"2016-10-10T20:32:40","guid":{"rendered":"http:\/\/aaloe.ee\/et\/?page_id=2745"},"modified":"2020-02-09T22:57:33","modified_gmt":"2020-02-09T20:57:33","slug":"miks-juua-aaloemahla","status":"publish","type":"page","link":"https:\/\/aaloe.ee\/et\/miks-juua-aaloemahla\/","title":{"rendered":"10 p\u00f5hjust miks juua aaloemahla"},"content":{"rendered":"<p><a href=\"https:\/\/aaloe.ee\/et\/miks-juua-aaloemahla\/\"><img loading=\"lazy\" decoding=\"async\" class=\"alignright size-full wp-image-2961\" src=\"http:\/\/aaloe.ee\/wp-content\/uploads\/2016\/10\/miks-juua-aaloemahla.jpg\" alt=\"Miks juua aaloemahla\" width=\"578\" height=\"289\" srcset=\"https:\/\/aaloe.ee\/wp-content\/uploads\/2016\/10\/miks-juua-aaloemahla.jpg 578w, https:\/\/aaloe.ee\/wp-content\/uploads\/2016\/10\/miks-juua-aaloemahla-500x250.jpg 500w\" sizes=\"auto, (max-width: 578px) 100vw, 578px\" \/><\/a>Kujutage ette, et joote aaloelehe katkil\u00f5ikamisel geeli otse lehest. Foreveri populaarseim toode aaloemahl on naturaalse lehega praktiliselt identne. Aaloelehe pehme massi ja vedeliku segu on esimene Rahvusvahelise Teadusliku Aaloe N\u00f5ukogu sertifikaadi p\u00e4lvinud sellelaadne toode. Kui loete l\u00e4bi minu k\u00fcmme t\u00e4htsaimat p\u00f5hjust aaloemahla joomiseks, m\u00f5istate, miks nimetatakse aaloed ravimtaimeks.<\/p>\n<p><strong>10. M\u00f5ju soolestikule<\/strong><br \/>\nAaloe on soolestikule v\u00e4ga kasulik. Aaloe \u00fchtlustab soolestiku talitust ega tekita ebameeldivat enesetunnet.<\/p>\n<p><strong>9. Aaloe aitab seedetrakti tervena hoida<\/strong><br \/>\nHeas seisukorras seedetrakt tagab toiduga saadavate toitainete neeldumise vereringesse. \u00dcmberl\u00fckkamatud kliinilised uuringud n\u00e4itavad, et aaloemahla joomisel omastab seedetrakt toitaineid, ise\u00e4ranis valke, t\u00f5husamalt. Arvan, et aaloe m\u00f5jul neelduvad paljud teisedki ained m\u00e4rksa paremini.<\/p>\n<p><strong>8. M\u00f5ju soolestiku mikrofloorale<\/strong><br \/>\nAaloe tasakaalustab loomulikul viisil paljude organite protsesse, k\u00f5ige enam aga soolestiku siseprotsesse. Kui soolestikus on liiga palju p\u00e4rmi- vm ebasoovitavaid baktereid, v\u00e4\u00adhendab aloemahla regulaarne tarbimine nende lademeid.<\/p>\n<p><strong>7. M\u00f5ju nahale<\/strong><br \/>\nNaharakkude esmasel moodustumisel marrasnahas on need k\u00fcllaltki suured ja v\u00e4ga eluj\u00f5ulised. Kui rakud aga 21.\u201328. 10 p\u00e4eva p\u00e4rast naha pinnale j\u00f5uavad, on nende algsetest omadustest j\u00e4rel vaid &#8220;kahvatu vari&#8221; \u2013 rakud muutuvad \u00f5hukesteks keratiini t\u00fckkideks, mis l\u00f5pptulemusena eralduvad ja eemalduvad nahalt. Aaloemahl tagab alusrakkudele vajaliku toite, t\u00e4nu millele p\u00fcsib nahk terve ning saab t\u00e4ita oma elut\u00e4htsaid funktsioone. Pealegi n\u00e4eb see siis palju kenam v\u00e4lja!<\/p>\n<p><strong>6. Aaloe t\u00f5stab fibroblastide aktiivsust<\/strong><br \/>\nFibroblastid on teatud naharakud, mille funktsioon on toota selliseid kiude nagu kollageen ja elastiin. Need kiud moodustavad naha struktuuri ja t\u00e4nu neile on nahk elastne. Aaloe stimuleerib fibroblaste, et need paljuneksid kiiremini ning toodaksid enam kiude. Mida rohkem on kiude, seda noorem paistab nahk.<\/p>\n<p><strong>5. Viirusevastane toime<\/strong><br \/>\nAaloelehe sisegeeli \u00fcmbritsevas limas-kihis on pikad liitsuhkrud, mida nimetatakse pol\u00fcsahhariidideks. Nende omadused aitavad kaitsta organismi mitmesuguste viiruser\u00fcnnakute, lihtsate v\u00f5i \u00e4gedate k\u00fclmetushaiguste eest. Samuti v\u00f5ivad need aidata kaasa organismi immuuns\u00fcsteemi tasakaalustamisel.<\/p>\n<p><strong>4. P\u00f5letikuvastane ja valuvaigistav toime<\/strong><br \/>\nAaloe koostisainete hulgas on ka m\u00f5ned looduslikud p\u00f5letikuvastaste ja valu leevendavate omadustega ained. Regulaarsel kasutamisel on aaloemahl nende s\u00fcmptomite k\u00e4es vaevlevatele inimestele v\u00e4ga kasulik.<\/p>\n<p><strong>3. Kasulik mineraaliallikas<\/strong><br \/>\nAaloe sisaldab j\u00e4rgmisi mineraale: kaltsium, naatrium, kaalium, raud, kroom, magneesium, mangaani, vask ja tsink. Seda sellep\u00e4rast, et aaloe kasvab enamasti kohtades, kus pinnas on nendest mineraalidest rikas. Taime juurtel on v\u00f5ime mineraalid neelata ja anda need meile edasi kasutataval kujul.<\/p>\n<p><strong>2. Kasulik vitamiiniallikas<\/strong><br \/>\nAaloe sisaldab hulgaliselt mitmesuguseid vitamiine, isegi vitamiini B12, mida leidub taimedes v\u00e4ga harva. Aaloe sisaldab A-vitamiini, B-grupi vitamiine, C- ja E-vitamiini ning foolhapet. Enamikku neist vitamiinidest ei saa organism varuks koguda, seet\u00f5ttu peame neid pidevalt toiduga saama. Mis saab organismi kaitses\u00fcsteemi loomulikuks tugevdamiseks olla veel parem kui igap\u00e4evane aaloemahla kogus?<\/p>\n<p>L\u00f5puks minu p\u00f5hjus nr 1 aaloemahla joomiseks:<\/p>\n<p><strong>1. Hea tervise toonik<\/strong><br \/>\nJuues k\u00f5ikide oluliste koostisainetega (sealhulgas 19-ga 20st inimesele vajalikust aminohappest) mahla, v\u00f5ib organism saada piisavas koguses toitaineid, et keerulised ens\u00fc\u00fcmis\u00fcsteemid t\u00f6\u00f6taksid veatult. See t\u00e4hendab, et organism saab funktsioneerida 100% ulatuses. L\u00f5pptulemuseks on suurep\u00e4rane enesetunne iga p\u00e4ev.<\/p>\n<p style=\"text-align: right;\"><strong>Dr. Peter Atherton<\/strong><\/p>\n","protected":false},"excerpt":{"rendered":"<p>Kujutage ette, et joote aaloelehe katkil\u00f5ikamisel geeli otse lehest. Foreveri populaarseim toode aaloemahl on naturaalse lehega praktiliselt identne. Aaloelehe pehme massi ja vedeliku segu on esimene Rahvusvahelise Teadusliku Aaloe N\u00f5ukogu sertifikaadi p\u00e4lvinud sellelaadne toode. Kui loete l\u00e4bi minu k\u00fcmme t\u00e4htsaimat p\u00f5hjust aaloemahla joomiseks, m\u00f5istate, miks nimetatakse aaloed ravimtaimeks. 10. M\u00f5ju soolestikule Aaloe on soolestikule v\u00e4ga kasulik. Aaloe \u00fchtlustab soolestiku talitust ega tekita ebameeldivat enesetunnet. 9. Aaloe aitab seedetrakti tervena hoida Heas seisukorras seedetrakt tagab toiduga saadavate toitainete neeldumise vereringesse. \u00dcmberl\u00fckkamatud kliinilised uuringud n\u00e4itavad, et aaloemahla joomisel omastab seedetrakt toitaineid, ise\u00e4ranis valke, t\u00f5husamalt. Arvan, et aaloe m\u00f5jul neelduvad paljud teisedki ained m\u00e4rksa paremini. 8. M\u00f5ju soolestiku mikrofloorale Aaloe tasakaalustab loomulikul viisil paljude organite protsesse, k\u00f5ige enam aga soolestiku siseprotsesse. Kui soolestikus on liiga palju p\u00e4rmi- vm ebasoovitavaid baktereid, v\u00e4\u00adhendab aloemahla regulaarne tarbimine nende lademeid. 7. M\u00f5ju nahale Naharakkude esmasel moodustumisel marrasnahas on need k\u00fcllaltki suured ja v\u00e4ga eluj\u00f5ulised. Kui rakud aga 21.\u201328. 10 p\u00e4eva p\u00e4rast naha pinnale j\u00f5uavad, on nende algsetest omadustest j\u00e4rel vaid &#8220;kahvatu vari&#8221; \u2013 rakud muutuvad \u00f5hukesteks keratiini t\u00fckkideks, mis l\u00f5pptulemusena eralduvad ja eemalduvad nahalt. Aaloemahl tagab alusrakkudele vajaliku toite, t\u00e4nu millele p\u00fcsib nahk terve ning saab t\u00e4ita oma elut\u00e4htsaid funktsioone. Pealegi n\u00e4eb see siis palju kenam v\u00e4lja! 6. Aaloe t\u00f5stab fibroblastide aktiivsust Fibroblastid on teatud naharakud, mille funktsioon on toota selliseid kiude nagu kollageen ja elastiin. Need kiud moodustavad naha struktuuri ja t\u00e4nu neile on nahk elastne. Aaloe stimuleerib fibroblaste, et need paljuneksid kiiremini ning toodaksid enam kiude. Mida rohkem on kiude, seda noorem paistab nahk. 5. Viirusevastane toime Aaloelehe sisegeeli \u00fcmbritsevas limas-kihis on pikad liitsuhkrud, mida nimetatakse pol\u00fcsahhariidideks. Nende omadused aitavad kaitsta organismi mitmesuguste viiruser\u00fcnnakute, lihtsate v\u00f5i \u00e4gedate k\u00fclmetushaiguste eest. Samuti v\u00f5ivad need aidata kaasa organismi immuuns\u00fcsteemi tasakaalustamisel. 4. P\u00f5letikuvastane ja valuvaigistav toime Aaloe koostisainete hulgas on ka m\u00f5ned looduslikud p\u00f5letikuvastaste ja valu leevendavate omadustega ained. Regulaarsel kasutamisel on aaloemahl nende s\u00fcmptomite k\u00e4es vaevlevatele inimestele v\u00e4ga kasulik. 3. Kasulik mineraaliallikas Aaloe sisaldab j\u00e4rgmisi mineraale: kaltsium, naatrium, kaalium, raud, kroom, magneesium, mangaani, vask ja tsink. Seda sellep\u00e4rast, et aaloe kasvab enamasti kohtades, kus pinnas on nendest mineraalidest rikas. Taime juurtel on v\u00f5ime mineraalid neelata ja anda need meile edasi kasutataval kujul. 2. Kasulik vitamiiniallikas Aaloe sisaldab hulgaliselt mitmesuguseid vitamiine, isegi vitamiini B12, mida leidub taimedes v\u00e4ga harva. Aaloe sisaldab A-vitamiini, B-grupi vitamiine, C- ja E-vitamiini ning foolhapet. Enamikku neist vitamiinidest ei saa organism varuks koguda, seet\u00f5ttu peame neid pidevalt toiduga saama. Mis saab organismi kaitses\u00fcsteemi loomulikuks tugevdamiseks olla veel parem kui igap\u00e4evane aaloemahla kogus? L\u00f5puks minu p\u00f5hjus nr 1 aaloemahla joomiseks: 1. Hea tervise toonik Juues k\u00f5ikide oluliste koostisainetega (sealhulgas 19-ga 20st inimesele vajalikust aminohappest) mahla, v\u00f5ib organism saada piisavas koguses toitaineid, et keerulised ens\u00fc\u00fcmis\u00fcsteemid t\u00f6\u00f6taksid veatult. See t\u00e4hendab, et organism saab funktsioneerida 100% ulatuses. L\u00f5pptulemuseks on suurep\u00e4rane enesetunne iga p\u00e4ev. Dr. Peter Atherton<\/p>\n","protected":false},"author":2,"featured_media":0,"parent":0,"menu_order":0,"comment_status":"closed","ping_status":"closed","template":"","meta":{"footnotes":""},"class_list":["post-2745","page","type-page","status-publish","hentry"],"jetpack_sharing_enabled":true,"_links":{"self":[{"href":"https:\/\/aaloe.ee\/et\/wp-json\/wp\/v2\/pages\/2745","targetHints":{"allow":["GET"]}}],"collection":[{"href":"https:\/\/aaloe.ee\/et\/wp-json\/wp\/v2\/pages"}],"about":[{"href":"https:\/\/aaloe.ee\/et\/wp-json\/wp\/v2\/types\/page"}],"author":[{"embeddable":true,"href":"https:\/\/aaloe.ee\/et\/wp-json\/wp\/v2\/users\/2"}],"replies":[{"embeddable":true,"href":"https:\/\/aaloe.ee\/et\/wp-json\/wp\/v2\/comments?post=2745"}],"version-history":[{"count":0,"href":"https:\/\/aaloe.ee\/et\/wp-json\/wp\/v2\/pages\/2745\/revisions"}],"wp:attachment":[{"href":"https:\/\/aaloe.ee\/et\/wp-json\/wp\/v2\/media?parent=2745"}],"curies":[{"name":"wp","href":"https:\/\/api.w.org\/{rel}","templated":true}]}}