{"id":2732,"date":"2016-10-10T19:30:20","date_gmt":"2016-10-10T16:30:20","guid":{"rendered":"http:\/\/aaloe.ee\/et\/?page_id=2732"},"modified":"2023-09-06T16:53:44","modified_gmt":"2023-09-06T13:53:44","slug":"muugitingimused","status":"publish","type":"page","link":"https:\/\/aaloe.ee\/et\/muugitingimused\/","title":{"rendered":"M\u00fc\u00fcgitingimused"},"content":{"rendered":"\n<h3 class=\"wp-block-heading\" id=\"veebipoe-m\u00fc\u00fcgitingimused\"><strong>VEEBIPOE M\u00dc\u00dcGITINGIMUSED<\/strong><\/h3>\n\n\n\n<p>Veebipoe aaloe.ee (edaspidi Veebipood) omanik on O\u00dc Mairond (registrikood 11444800), asukohaga Harku tn 33 Tallinn Harjumaa 11612.<\/p>\n\n\n\n<p><strong>M\u00fc\u00fcgilepingu kehtivus, kauba- ja hinnainfo<\/strong><\/p>\n\n\n\n<p>M\u00fc\u00fcgitingimused kehtivad Veebipoest kaupade ostmisel.<\/p>\n\n\n\n<p>Veebipoes m\u00fc\u00fcdavate toodete hinnad on m\u00e4rgitud toodete juurde. Hinnale lisandub tasu kauba k\u00e4ttetoimetamise eest. K\u00f5ik veebipoes m\u00fc\u00fcdavate kaupade hinnad on eurodes.<\/p>\n\n\n\n<p>Kauba k\u00e4ttetoimetamise tasu s\u00f5ltub ostja asukohast ning k\u00e4ttetoimetamise viisist. K\u00e4ttetoimetamise tasu kuvatakse ostjale tellimuse vormistamisel.<\/p>\n\n\n\n<p>Teave kauba kohta on esitatud Veebipoes vahetult kauba juures.<\/p>\n\n\n\n<p><strong>Tellimuse vormistamine<\/strong><\/p>\n\n\n\n<p>Kauba tellimiseks tuleb lisada soovitud tooted ostukorvi. Tellimuse vormistamiseks tuleb t\u00e4ita n\u00f5utud andmev\u00e4ljad ning valida sobiv toodete kohaletoimetamise viis. Seej\u00e4rel kuvatakse ekraanile tasu suurus, mille saab tasuda turvaliselt l\u00e4bi j\u00e4rgnevate makseviiside:<\/p>\n\n\n\n<ul class=\"wp-block-list\">\n<li>Eesti pangamaksed: Swedbank, SEB, Luminor, LHV, Coop Pank, Citadele, Pocopay<\/li>\n\n\n\n<li>Soome pangalingid: Aktia, \u00c5landsbanken, Danske, Handelsbanken, Nordea, Oma S\u00e4\u00e4stopankki, Pohjola, POP Pankki, S-Pankki, S\u00e4\u00e4stopankki<\/li>\n\n\n\n<li>L\u00e4ti pangamaksed: Swedbank, SEB, Citadele, Citadele ja Luminor<\/li>\n\n\n\n<li>Leedu pangamaksed: Swedbank, SEB, Citadele, \u0160iauliu&nbsp;ja Luminor<\/li>\n<\/ul>\n\n\n\n<p>NB! Pangalingiga tasumisel vajutada kindlasti panga lehel nupule \u201eTagasi kaupmehe juurde\u201c.<\/p>\n\n\n\n<p>Makseinfo vahendatakse meili teel. Tasumine toimub v\u00e4ljaspool Veebipoodi turvalises keskkonnas \u2013 pangalingiga tasumisel vastava panga turvalises keskkonnas  M\u00fc\u00fcjal puudub ligip\u00e4\u00e4s kliendi panga ja krediitkaardi andmetele. Leping j\u00f5ustub alates tasumisele kuuluva summa laekumisest Veebipoe arvelduskontole.<\/p>\n\n\n\n<p>Veebipoe omanik on isikuandmete vastutav t\u00f6\u00f6tleja.<\/p>\n\n\n\n<p>Kui tellitud kaupa ei ole v\u00f5imalik tarnida seoses kauba l\u00f5ppemisega v\u00f5i muul p\u00f5hjusel, teavitatakse sellest ostjat esimesel v\u00f5imalusel ning tagastatakse tasutud raha (sh kauba k\u00e4ttetoimetamise kulud) viivitamata, kuid mitte hiljem kui 14 p\u00e4eva jooksul teate saatmisest.<\/p>\n\n\n\n<p><strong>Kohaletoimetamine<\/strong><\/p>\n\n\n\n<p>Kaupu saadetakse j\u00e4rgmistesse riikidesse: Eesti<\/p>\n\n\n\n<p>Kauba k\u00e4ttesaamiseks on ostjal j\u00e4rgnevad valikud:&nbsp;<em>siia m\u00e4rkida n\u00e4iteks veebipoe pakiautomaatide partnerid, kullerfirmad, ise kaubale j\u00e4rele tulemise v\u00f5imalus.<\/em><\/p>\n\n\n\n<p>Kauba saatmiskulud kannab ostja ning vastav hinnainfo on kuvatud saatmisviisi juures.<\/p>\n\n\n\n<p>Erandlikel juhtumitel on \u00f5igus kaup kohale toimetada kuni 45 kalendrip\u00e4eva jooksul.<\/p>\n\n\n\n<p><strong>Taganemis\u00f5igus<\/strong><\/p>\n\n\n\n<p>P\u00e4rast tellimuse k\u00e4ttesaamist on ostjal \u00f5igus e-poes s\u00f5lmitud lepingust taganeda 14 p\u00e4eva jooksul.<\/p>\n\n\n\n<p><em>NB! Olenevalt toodetest ei pruugi ostjal taganemise \u00f5igust olla, vastavad tooted ja teenused tuleb sellisel juhul loetleda ning need peavad vastama&nbsp;<a href=\"https:\/\/www.riigiteataja.ee\/akt\/961235?leiaKehtiv\" target=\"_blank\" rel=\"noreferrer noopener\">v\u00f5la\u00f5igusseaduse<\/a>&nbsp;\u00a7 53 lg-s 4 loetletud tingimustele.<\/em><\/p>\n\n\n\n<p>Taganemis\u00f5igus ei kohaldu, kui ostjaks on juriidiline isik.<\/p>\n\n\n\n<p>14-p\u00e4evase tagastamis\u00f5iguse kasutamiseks ei tohi tellitud kaupa kasutada muul viisil kui on vajalik kauba olemuses, omadustes ja toimimises veendumiseks viisil nagu see on lubatud kauba testimiseks f\u00fc\u00fcsilises poes.<\/p>\n\n\n\n<p>Kui kaupa on kasutatud muuks otstarbeks kui on vajalik kauba olemuses, omadustes ja toimimises veendumiseks v\u00f5i sellel on kasutamise v\u00f5i kulumise m\u00e4rke, on Veebipoel \u00f5igus alandada tagastatavat tasu vastavalt kauba v\u00e4\u00e4rtuse v\u00e4henemisele.<\/p>\n\n\n\n<p>Kauba tagastamiseks tuleb saata kiri e-posti aadressile <a href=\"info@aaloe.ee\">info@aaloe.ee<\/a>hiljemalt 14 p\u00e4eva jooksul kauba k\u00e4ttesaamisest, tuues v\u00e4lja tellimuse andmed ning tagastatav toode. <\/p>\n\n\n\n<p>Kauba tagastamise kulud kannab ostja, v\u00e4lja arvatud juhul, kui tagastamise p\u00f5hjus seisneb asjaolus, et tagastamisele kuuluv toode ei vasta tellitule (nt vale v\u00f5i defektiga toode).<\/p>\n\n\n\n<p>Ostja peab kauba tagastama avalduse esitamisele j\u00e4rgneva 14 p\u00e4eva jooksul v\u00f5i esitama t\u00f5endi, et ta on eelnimetatud perioodi jooksul kauba \u00fcle andnud kauba vedajale.<\/p>\n\n\n\n<p>Veebipood tagastab tagastatava kauba k\u00e4ttesaamisel ostjale viivitamata, kuid mitte hiljem kui 14 p\u00e4eva m\u00f6\u00f6dumisel arvates taganemisavalduse saamisest, k\u00f5ik ostjalt lepingu alusel saadud tasud.<\/p>\n\n\n\n<p>Veebipood v\u00f5ib keelduda tagasimaksete tegemisest seni, kuni on lepingu esemeks oleva asja tagasi saanud v\u00f5i kuni ostja on esitanud t\u00f5endid, et on asja tagasi saatnud, s\u00f5ltuvalt sellest, kumb toimub varem.<\/p>\n\n\n\n<p>Kui ostja on s\u00f5naselgelt valinud Veebipoe pakutud k\u00f5ige odavamast tavap\u00e4rasest asja k\u00e4ttetoimetamise viisist erineva k\u00e4ttetoimetamise viisi, ei pea Veebipood tarbijale tagastama kulu, mis \u00fcletab tavap\u00e4rase k\u00e4ttetoimetamise viisiga seotud kulu.<\/p>\n\n\n\n<p>Veebipoel on \u00f5igus taganeda m\u00fc\u00fcgitehingust ning n\u00f5uda ostjalt tagasi kaup, kui kauba hind veebipoes on eksituse t\u00f5ttu m\u00e4rgitud oluliselt alla kauba turuhinna.<\/p>\n\n\n\n<p><strong>Pretensiooni esitamise \u00f5igus<\/strong><\/p>\n\n\n\n<p>Veebipood vastutab ostjale m\u00fc\u00fcdud kauba lepingutingimustele mittevastavuse v\u00f5i puuduse eest, mis oli olemas juba asja \u00fcleandmise hetkel ning mis ilmneb kuni kahe aasta jooksul, alates kauba \u00fcleandmisest ostjale.&nbsp;<strong>Sellest 1 aasta jooksul alates asja \u00fcleandmisest ostjale eeldatakse, et puudus oli olemas juba asja \u00fcleandmise ajal. Vastava eelduse \u00fcmberl\u00fckkamine on Veebipoe kohustus.<\/strong><\/p>\n\n\n\n<p>Ostjal on \u00f5igus puuduse ilmnemisel p\u00f6\u00f6rduda hiljemalt kahe kuu jooksul veebipoe poole, saates e-kirja aadressile <span style=\"text-decoration: underline;\"><a href=\"mailto:info@aaloe.ee\">info@aaloe.ee<\/a><\/span> v\u00f5i helistada telefonil: +372 5656 1213.<\/p>\n\n\n\n<p>Veebipood ei vastuta puuduste eest, mis on tekkinud p\u00e4rast kauba \u00fcleandmist ostjale.<\/p>\n\n\n\n<p>Kui Veebipoest ostetud kaubal on puudused, mille eest Veebipood vastutab, parandab v\u00f5i asendab Veebipood puudusega kauba. Kui kaupa ei ole v\u00f5imalik parandada ega asendada, tagastab Veebipood ostjale k\u00f5ik m\u00fc\u00fcgilepinguga kaasnenud tasud.<\/p>\n\n\n\n<p>Veebipood vastab tarbija esitatud kaebusele kirjalikult v\u00f5i kirjalikku taasesitamist v\u00f5imaldavas vormis 15 p\u00e4eva jooksul.<\/p>\n\n\n\n<p><strong>Otseturustus ja isikuandmete t\u00f6\u00f6tlemine<\/strong><\/p>\n\n\n\n<p>Veebipood kasutab ostja poolt sisestatud isikuandmeid ainult tellimuse t\u00f6\u00f6tlemiseks ning kauba ostjale saatmiseks. Veebipood edastab isikuandmeid veoteenust pakkuvale ettev\u00f5tetele selleks, et kohale toimetada kaupa.<\/p>\n\n\n\n<p>Veebipood saadab ostjale uudiskirju ning pakkumisi ostja e-maili aadressile ainult juhul, kui ostja on selleks avaldanud soovi sisestades veebilehel e-kirja aadressi ning andnud teada oma soovist otsepostituse teadete saamiseks.<\/p>\n\n\n\n<p>Ostjal on igal ajal v\u00f5imalik loobuda e-postile saadetavatest pakkumistest ja uudiskirjadest andes sellest meile teada e-kirja teel v\u00f5i j\u00e4rgides pakkumisi sisaldava e-kirjas toodud juhiseid.<\/p>\n\n\n\n<p><strong>Vaidluste lahendamine<\/strong><\/p>\n\n\n\n<p>Kui ostjal on Veebipoe osas pretensioone, tuleb need saata e-kirja aadressile <span style=\"text-decoration: underline;\"><a href=\"mailto:info@aaloe.ee\">info@aaloe.ee<\/a><\/span> v\u00f5i helistada telefonil: +372 5656 1213.<\/p>\n\n\n\n<p>Kui ostja ja Veebipood ei suuda lahendada vaidlust kokkuleppe teel, siis on ostjal v\u00f5imalik p\u00f6\u00f6rduda Tarbijavaidluste komisjoni poole. Menetlustingimustega saab tutvuda ning avaldust esitada&nbsp;<a href=\"https:\/\/komisjon.ee\/et\/avalduse-esitamine\" target=\"_blank\" rel=\"noreferrer noopener\">siin<\/a>. Tarbijavaidluste komisjoni p\u00e4devuses on lahendada ostja ja Veebipoe vahel s\u00f5lmitud lepingust tulenevaid vaidlusi. Ostja kaebuse l\u00e4bivaatamine komisjonis on tasuta.<\/p>\n\n\n\n<p>Ostja v\u00f5ib p\u00f6\u00f6rduda Euroopa Liidu tarbijavaidlusi lahendava platvormi&nbsp;<a href=\"https:\/\/ec.europa.eu\/consumers\/odr\/main\/index.cfm?event=main.home2.show&amp;lng=ET\" target=\"_blank\" rel=\"noreferrer noopener\">poole<\/a>.<\/p>\n","protected":false},"excerpt":{"rendered":"<p>VEEBIPOE M\u00dc\u00dcGITINGIMUSED Veebipoe aaloe.ee (edaspidi Veebipood) omanik on O\u00dc Mairond (registrikood 11444800), asukohaga Harku tn 33 Tallinn Harjumaa 11612. M\u00fc\u00fcgilepingu kehtivus, kauba- ja hinnainfo M\u00fc\u00fcgitingimused kehtivad Veebipoest kaupade ostmisel. Veebipoes m\u00fc\u00fcdavate toodete hinnad on m\u00e4rgitud toodete juurde. Hinnale lisandub tasu kauba k\u00e4ttetoimetamise eest. K\u00f5ik veebipoes m\u00fc\u00fcdavate kaupade hinnad on eurodes. Kauba k\u00e4ttetoimetamise tasu s\u00f5ltub ostja asukohast ning k\u00e4ttetoimetamise viisist. K\u00e4ttetoimetamise tasu kuvatakse ostjale tellimuse vormistamisel. Teave kauba kohta on esitatud Veebipoes vahetult kauba juures. Tellimuse vormistamine Kauba tellimiseks tuleb lisada soovitud tooted ostukorvi. Tellimuse vormistamiseks tuleb t\u00e4ita n\u00f5utud andmev\u00e4ljad ning valida sobiv toodete kohaletoimetamise viis. Seej\u00e4rel kuvatakse ekraanile tasu suurus, mille saab tasuda turvaliselt l\u00e4bi j\u00e4rgnevate makseviiside: NB! Pangalingiga tasumisel vajutada kindlasti panga lehel nupule \u201eTagasi kaupmehe juurde\u201c. Makseinfo vahendatakse meili teel. Tasumine toimub v\u00e4ljaspool Veebipoodi turvalises keskkonnas \u2013 pangalingiga tasumisel vastava panga turvalises keskkonnas M\u00fc\u00fcjal puudub ligip\u00e4\u00e4s kliendi panga ja krediitkaardi andmetele. Leping j\u00f5ustub alates tasumisele kuuluva summa laekumisest Veebipoe arvelduskontole. Veebipoe omanik on isikuandmete vastutav t\u00f6\u00f6tleja. Kui tellitud kaupa ei ole v\u00f5imalik tarnida seoses kauba l\u00f5ppemisega v\u00f5i muul p\u00f5hjusel, teavitatakse sellest ostjat esimesel v\u00f5imalusel ning tagastatakse tasutud raha (sh kauba k\u00e4ttetoimetamise kulud) viivitamata, kuid mitte hiljem kui 14 p\u00e4eva jooksul teate saatmisest. Kohaletoimetamine Kaupu saadetakse j\u00e4rgmistesse riikidesse: Eesti Kauba k\u00e4ttesaamiseks on ostjal j\u00e4rgnevad valikud:&nbsp;siia m\u00e4rkida n\u00e4iteks veebipoe pakiautomaatide partnerid, kullerfirmad, ise kaubale j\u00e4rele tulemise v\u00f5imalus. Kauba saatmiskulud kannab ostja ning vastav hinnainfo on kuvatud saatmisviisi juures. Erandlikel juhtumitel on \u00f5igus kaup kohale toimetada kuni 45 kalendrip\u00e4eva jooksul. Taganemis\u00f5igus P\u00e4rast tellimuse k\u00e4ttesaamist on ostjal \u00f5igus e-poes s\u00f5lmitud lepingust taganeda 14 p\u00e4eva jooksul. NB! Olenevalt toodetest ei pruugi ostjal taganemise \u00f5igust olla, vastavad tooted ja teenused tuleb sellisel juhul loetleda ning need peavad vastama&nbsp;v\u00f5la\u00f5igusseaduse&nbsp;\u00a7 53 lg-s 4 loetletud tingimustele. Taganemis\u00f5igus ei kohaldu, kui ostjaks on juriidiline isik. 14-p\u00e4evase tagastamis\u00f5iguse kasutamiseks ei tohi tellitud kaupa kasutada muul viisil kui on vajalik kauba olemuses, omadustes ja toimimises veendumiseks viisil nagu see on lubatud kauba testimiseks f\u00fc\u00fcsilises poes. Kui kaupa on kasutatud muuks otstarbeks kui on vajalik kauba olemuses, omadustes ja toimimises veendumiseks v\u00f5i sellel on kasutamise v\u00f5i kulumise m\u00e4rke, on Veebipoel \u00f5igus alandada tagastatavat tasu vastavalt kauba v\u00e4\u00e4rtuse v\u00e4henemisele. Kauba tagastamiseks tuleb saata kiri e-posti aadressile info@aaloe.eehiljemalt 14 p\u00e4eva jooksul kauba k\u00e4ttesaamisest, tuues v\u00e4lja tellimuse andmed ning tagastatav toode. Kauba tagastamise kulud kannab ostja, v\u00e4lja arvatud juhul, kui tagastamise p\u00f5hjus seisneb asjaolus, et tagastamisele kuuluv toode ei vasta tellitule (nt vale v\u00f5i defektiga toode). Ostja peab kauba tagastama avalduse esitamisele j\u00e4rgneva 14 p\u00e4eva jooksul v\u00f5i esitama t\u00f5endi, et ta on eelnimetatud perioodi jooksul kauba \u00fcle andnud kauba vedajale. Veebipood tagastab tagastatava kauba k\u00e4ttesaamisel ostjale viivitamata, kuid mitte hiljem kui 14 p\u00e4eva m\u00f6\u00f6dumisel arvates taganemisavalduse saamisest, k\u00f5ik ostjalt lepingu alusel saadud tasud. Veebipood v\u00f5ib keelduda tagasimaksete tegemisest seni, kuni on lepingu esemeks oleva asja tagasi saanud v\u00f5i kuni ostja on esitanud t\u00f5endid, et on asja tagasi saatnud, s\u00f5ltuvalt sellest, kumb toimub varem. Kui ostja on s\u00f5naselgelt valinud Veebipoe pakutud k\u00f5ige odavamast tavap\u00e4rasest asja k\u00e4ttetoimetamise viisist erineva k\u00e4ttetoimetamise viisi, ei pea Veebipood tarbijale tagastama kulu, mis \u00fcletab tavap\u00e4rase k\u00e4ttetoimetamise viisiga seotud kulu. Veebipoel on \u00f5igus taganeda m\u00fc\u00fcgitehingust ning n\u00f5uda ostjalt tagasi kaup, kui kauba hind veebipoes on eksituse t\u00f5ttu m\u00e4rgitud oluliselt alla kauba turuhinna. Pretensiooni esitamise \u00f5igus Veebipood vastutab ostjale m\u00fc\u00fcdud kauba lepingutingimustele mittevastavuse v\u00f5i puuduse eest, mis oli olemas juba asja \u00fcleandmise hetkel ning mis ilmneb kuni kahe aasta jooksul, alates kauba \u00fcleandmisest ostjale.&nbsp;Sellest 1 aasta jooksul alates asja \u00fcleandmisest ostjale eeldatakse, et puudus oli olemas juba asja \u00fcleandmise ajal. Vastava eelduse \u00fcmberl\u00fckkamine on Veebipoe kohustus. Ostjal on \u00f5igus puuduse ilmnemisel p\u00f6\u00f6rduda hiljemalt kahe kuu jooksul veebipoe poole, saates e-kirja aadressile info@aaloe.ee v\u00f5i helistada telefonil: +372 5656 1213. Veebipood ei vastuta puuduste eest, mis on tekkinud p\u00e4rast kauba \u00fcleandmist ostjale. Kui Veebipoest ostetud kaubal on puudused, mille eest Veebipood vastutab, parandab v\u00f5i asendab Veebipood puudusega kauba. Kui kaupa ei ole v\u00f5imalik parandada ega asendada, tagastab Veebipood ostjale k\u00f5ik m\u00fc\u00fcgilepinguga kaasnenud tasud. Veebipood vastab tarbija esitatud kaebusele kirjalikult v\u00f5i kirjalikku taasesitamist v\u00f5imaldavas vormis 15 p\u00e4eva jooksul. Otseturustus ja isikuandmete t\u00f6\u00f6tlemine Veebipood kasutab ostja poolt sisestatud isikuandmeid ainult tellimuse t\u00f6\u00f6tlemiseks ning kauba ostjale saatmiseks. Veebipood edastab isikuandmeid veoteenust pakkuvale ettev\u00f5tetele selleks, et kohale toimetada kaupa. Veebipood saadab ostjale uudiskirju ning pakkumisi ostja e-maili aadressile ainult juhul, kui ostja on selleks avaldanud soovi sisestades veebilehel e-kirja aadressi ning andnud teada oma soovist otsepostituse teadete saamiseks. Ostjal on igal ajal v\u00f5imalik loobuda e-postile saadetavatest pakkumistest ja uudiskirjadest andes sellest meile teada e-kirja teel v\u00f5i j\u00e4rgides pakkumisi sisaldava e-kirjas toodud juhiseid. Vaidluste lahendamine Kui ostjal on Veebipoe osas pretensioone, tuleb need saata e-kirja aadressile info@aaloe.ee v\u00f5i helistada telefonil: +372 5656 1213. Kui ostja ja Veebipood ei suuda lahendada vaidlust kokkuleppe teel, siis on ostjal v\u00f5imalik p\u00f6\u00f6rduda Tarbijavaidluste komisjoni poole. Menetlustingimustega saab tutvuda ning avaldust esitada&nbsp;siin. Tarbijavaidluste komisjoni p\u00e4devuses on lahendada ostja ja Veebipoe vahel s\u00f5lmitud lepingust tulenevaid vaidlusi. Ostja kaebuse l\u00e4bivaatamine komisjonis on tasuta. Ostja v\u00f5ib p\u00f6\u00f6rduda Euroopa Liidu tarbijavaidlusi lahendava platvormi&nbsp;poole.<\/p>\n","protected":false},"author":2,"featured_media":0,"parent":0,"menu_order":0,"comment_status":"closed","ping_status":"closed","template":"","meta":{"footnotes":""},"class_list":["post-2732","page","type-page","status-publish","hentry"],"jetpack_sharing_enabled":true,"_links":{"self":[{"href":"https:\/\/aaloe.ee\/et\/wp-json\/wp\/v2\/pages\/2732","targetHints":{"allow":["GET"]}}],"collection":[{"href":"https:\/\/aaloe.ee\/et\/wp-json\/wp\/v2\/pages"}],"about":[{"href":"https:\/\/aaloe.ee\/et\/wp-json\/wp\/v2\/types\/page"}],"author":[{"embeddable":true,"href":"https:\/\/aaloe.ee\/et\/wp-json\/wp\/v2\/users\/2"}],"replies":[{"embeddable":true,"href":"https:\/\/aaloe.ee\/et\/wp-json\/wp\/v2\/comments?post=2732"}],"version-history":[{"count":0,"href":"https:\/\/aaloe.ee\/et\/wp-json\/wp\/v2\/pages\/2732\/revisions"}],"wp:attachment":[{"href":"https:\/\/aaloe.ee\/et\/wp-json\/wp\/v2\/media?parent=2732"}],"curies":[{"name":"wp","href":"https:\/\/api.w.org\/{rel}","templated":true}]}}