{"id":2,"date":"2023-09-05T16:13:25","date_gmt":"2023-09-05T13:13:25","guid":{"rendered":"http:\/\/aaloe.ee\/?page_id=2"},"modified":"2025-08-03T15:53:48","modified_gmt":"2025-08-03T12:53:48","slug":"avaleht","status":"publish","type":"page","link":"https:\/\/aaloe.ee\/et\/","title":{"rendered":""},"content":{"rendered":"\n<div class=\"wp-block-group alignfull box-shadow border-radius has-very-light-gray-background-color has-background\" style=\"padding-top:6vw;padding-right:6vw;padding-bottom:6vw;padding-left:6vw\"><div class=\"wp-block-group__inner-container is-layout-constrained wp-container-core-group-is-layout-881565dc wp-block-group-is-layout-constrained\">\n<div class=\"wp-block-group is-vertical is-nowrap is-layout-flex wp-container-core-group-is-layout-36fd9ea3 wp-block-group-is-layout-flex\" style=\"padding-right:0;padding-left:0\">\n<h2 class=\"wp-block-heading has-very-dark-gray-color has-text-color\" style=\"font-size:5vw;letter-spacing:1px\"><span style=\"text-decoration: underline;\">Forever Living<\/span><\/h2>\n<\/div>\n\n\n\n<div style=\"height:1vw\" aria-hidden=\"true\" class=\"wp-block-spacer\"><\/div>\n\n\n\n<div class=\"wp-block-group alignwide is-vertical is-nowrap is-layout-flex wp-container-core-group-is-layout-7946b6b8 wp-block-group-is-layout-flex\" style=\"padding-top:0;padding-right:0;padding-bottom:0;padding-left:0\">\n<div class=\"wp-block-columns alignwide is-layout-flex wp-container-core-columns-is-layout-21b20327 wp-block-columns-is-layout-flex\">\n<div class=\"wp-block-column is-vertically-aligned-center is-layout-flow wp-block-column-is-layout-flow\" style=\"flex-basis:50%\">\n<h3 class=\"wp-block-heading has-very-dark-gray-color has-text-color\" style=\"font-size:25px;font-style:normal;font-weight:700;letter-spacing:1px\">Avasta ilu ja tervis unikaalsete Forever Living toodetega!<\/h3>\n\n\n\n<div style=\"height:15px\" aria-hidden=\"true\" class=\"wp-block-spacer\"><\/div>\n\n\n\n<p class=\"has-tekst-color has-text-color\" style=\"font-size:16px;font-style:normal;font-weight:500;letter-spacing:0.5px\">Oleme p\u00fchendunud looduse parimate ilu- ja terviseallikate leidmisele ning nende jagamisele kogu maailmaga. Meil on kirg aidata sul end paremini tunda ja v\u00e4lja n\u00e4ha, ning me oleme uhked selle \u00fcle, et me teeme asju pisut teistmoodi.<\/p>\n\n\n\n<p class=\"has-tekst-color has-text-color\" style=\"font-size:16px;font-style:normal;font-weight:500;letter-spacing:0.5px\">Iga aaloe leht, mida me t\u00f6\u00f6tleme, korjatakse ja fileeritakse k\u00e4sitsi taime kaitsmiseks ning tagamaks, et meie toodetes kasutatakse ainult k\u00f5rgeima kvaliteediga aaloe vera geeli <a href=\"https:\/\/quendexplatform.com\/\" target=\"_blank\" rel=\"noopener\">Quendex Platform<\/a>.<\/p>\n<\/div>\n\n\n\n<div class=\"wp-block-column is-layout-flow wp-block-column-is-layout-flow\" style=\"flex-basis:33.62%\"><div class=\"wp-block-image is-style-rounded\">\n<figure class=\"alignleft size-large is-resized\"><img loading=\"lazy\" decoding=\"async\" width=\"1024\" height=\"576\" src=\"https:\/\/aaloe.ee\/wp-content\/uploads\/2023\/09\/201537028_5812032228869144_8906935194027993780_n-1024x576.jpg\" alt=\"\" class=\"wp-image-5437\" style=\"aspect-ratio:3\/4;object-fit:cover;width:372px;height:undefinedpx\" srcset=\"https:\/\/aaloe.ee\/wp-content\/uploads\/2023\/09\/201537028_5812032228869144_8906935194027993780_n-1024x576.jpg 1024w, https:\/\/aaloe.ee\/wp-content\/uploads\/2023\/09\/201537028_5812032228869144_8906935194027993780_n-500x281.jpg 500w, https:\/\/aaloe.ee\/wp-content\/uploads\/2023\/09\/201537028_5812032228869144_8906935194027993780_n-300x169.jpg 300w, https:\/\/aaloe.ee\/wp-content\/uploads\/2023\/09\/201537028_5812032228869144_8906935194027993780_n-768x432.jpg 768w, https:\/\/aaloe.ee\/wp-content\/uploads\/2023\/09\/201537028_5812032228869144_8906935194027993780_n-1536x864.jpg 1536w, https:\/\/aaloe.ee\/wp-content\/uploads\/2023\/09\/201537028_5812032228869144_8906935194027993780_n-1140x641.jpg 1140w, https:\/\/aaloe.ee\/wp-content\/uploads\/2023\/09\/201537028_5812032228869144_8906935194027993780_n.jpg 2000w\" sizes=\"auto, (max-width: 1024px) 100vw, 1024px\" \/><\/figure><\/div><\/div>\n<\/div>\n<\/div>\n<\/div><\/div>\n\n\n\n<div class=\"wp-block-columns is-layout-flex wp-container-core-columns-is-layout-28f84493 wp-block-columns-is-layout-flex\"><\/div>\n\n\n\n<div class=\"wp-block-columns alignwide is-layout-flex wp-container-core-columns-is-layout-d2da2050 wp-block-columns-is-layout-flex\" style=\"margin-bottom:0\">\n<div class=\"wp-block-column box-shadow border-radius has-taust-background-color has-text-color has-background has-link-color wp-elements-d337ec21c33d9ba89535709ae97a917a is-layout-flow wp-block-column-is-layout-flow\" style=\"color:#000000;padding-top:2em;padding-right:2em;padding-bottom:2em;padding-left:2em\"><div class=\"wp-block-image is-style-rounded\">\n<figure class=\"aligncenter size-large is-resized\"><img decoding=\"async\" src=\"https:\/\/flp-prod.s3-us-west-2.amazonaws.com\/content\/cards\/images\/our_way_-_iasc_v2_-_8a_ad_352x568_1558462624862.jpg\" alt=\"\" style=\"width:118px;height:190px\"\/><\/figure><\/div>\n\n\n<div style=\"height:25px\" aria-hidden=\"true\" class=\"wp-block-spacer\"><\/div>\n\n\n\n<h2 class=\"wp-block-heading has-text-align-center has-normal-font-size\">Sertifitseeritud tooted<\/h2>\n\n\n\n<div style=\"height:5px\" aria-hidden=\"true\" class=\"wp-block-spacer\"><\/div>\n\n\n\n<hr class=\"wp-block-separator has-css-opacity is-style-wide\"\/>\n\n\n\n<div style=\"height:5px\" aria-hidden=\"true\" class=\"wp-block-spacer\"><\/div>\n\n\n\n<p class=\"has-text-align-left has-tekst-color has-text-color\">Paljud meie aaloe vera tooted on rahvusvahelise Aloe Science Council (IASC) poolt sertifitseeritud puhtuse ja tugevuse osas. See oluline tunnustus n\u00e4itab meie p\u00fchendumust kasutada ainult parimat toorainet.<\/p>\n<\/div>\n\n\n\n<div class=\"wp-block-column box-shadow border-radius has-taust-background-color has-text-color has-background has-link-color wp-elements-d357e084de5cdd7900354853703a4811 is-layout-flow wp-block-column-is-layout-flow\" style=\"color:#000000;padding-top:2em;padding-right:2em;padding-bottom:2em;padding-left:2em\"><div class=\"wp-block-image is-style-rounded\">\n<figure class=\"aligncenter size-large is-resized\"><img decoding=\"async\" src=\"https:\/\/flp-prod.s3-us-west-2.amazonaws.com\/content\/cards\/images\/our_way_-_vegan_v2_-_8b_ad_352x568_1558462971446.jpg\" alt=\"\" style=\"width:118px;height:190px\"\/><\/figure><\/div>\n\n\n<div style=\"height:25px\" aria-hidden=\"true\" class=\"wp-block-spacer\"><\/div>\n\n\n\n<h2 class=\"wp-block-heading has-text-align-center has-normal-font-size\">Tooted ka veganitele<\/h2>\n\n\n\n<div style=\"height:5px\" aria-hidden=\"true\" class=\"wp-block-spacer\"><\/div>\n\n\n\n<hr class=\"wp-block-separator has-css-opacity is-style-wide\"\/>\n\n\n\n<div style=\"height:5px\" aria-hidden=\"true\" class=\"wp-block-spacer\"><\/div>\n\n\n\n<p class=\"has-text-align-center has-tekst-color has-text-color\">Me soovime, et k\u00f5ik saaksid meie toodetest kasu, mist\u00f5ttu on enamus meie toodetest sobilikud veganitele ja taimetoitlastele. Meie toidulisandid on suurep\u00e4rane inimestele, kellel on piiratud dieet, et t\u00e4ita toitainete puuduj\u00e4\u00e4ke.<\/p>\n<\/div>\n\n\n\n<div class=\"wp-block-column box-shadow border-radius has-taust-background-color has-text-color has-background has-link-color wp-elements-38372aead9800685c39ce008a468c03f is-layout-flow wp-block-column-is-layout-flow\" style=\"color:#000000;padding-top:2em;padding-right:2em;padding-bottom:2em;padding-left:2em\"><div class=\"wp-block-image is-style-rounded\">\n<figure class=\"aligncenter size-large is-resized\"><img decoding=\"async\" src=\"https:\/\/cdn.foreverliving.com\/content\/cards\/images\/our_way_-_kosher_-_3c_ad_352x568_1558463157374.jpg\" alt=\"\" style=\"width:118px;height:undefinedpx\"\/><\/figure><\/div>\n\n\n<div style=\"height:25px\" aria-hidden=\"true\" class=\"wp-block-spacer\"><\/div>\n\n\n\n<h2 class=\"wp-block-heading has-text-align-center has-normal-font-size\">P\u00fc\u00fcdlus olla veel parem<\/h2>\n\n\n\n<div style=\"height:5px\" aria-hidden=\"true\" class=\"wp-block-spacer\"><\/div>\n\n\n\n<hr class=\"wp-block-separator has-css-opacity is-style-wide\"\/>\n\n\n\n<div style=\"height:5px\" aria-hidden=\"true\" class=\"wp-block-spacer\"><\/div>\n\n\n\n<p class=\"has-text-align-right has-tekst-color has-text-color\">K\u00f5igil on \u00f5igus suurep\u00e4rasele toitumisele ja nahahooldusele. Sellep\u00e4rast p\u00fc\u00fcdleme selle poole, et teha nii paljud tooted kui v\u00f5imalik Halal ja Kosher sertifitseerituks.<\/p>\n<\/div>\n<\/div>\n\n\n\n<div style=\"height:100px\" aria-hidden=\"true\" class=\"wp-block-spacer\"><\/div>\n\n\n\n<div class=\"wp-block-group\"><div class=\"wp-block-group__inner-container is-layout-constrained wp-block-group-is-layout-constrained\">\n<div class=\"wp-block-cover is-light is-repeated\" style=\"min-height:195px;aspect-ratio:unset;\"><div class=\"wp-block-cover__image-background is-repeated\" style=\"background-position:52% 67%;background-image:url(https:\/\/cdn.foreverliving.com\/content\/cards\/images\/our_products_-_p2p_ad_-_2a_ad_544x568_1614965877587.jpg)\"><\/div><span aria-hidden=\"true\" class=\"wp-block-cover__background has-background-dim\"><\/span><div class=\"wp-block-cover__inner-container is-layout-flow wp-block-cover-is-layout-flow\">\n<p class=\"has-text-align-center border-radius has-very-light-gray-color has-text-color has-background has-medium-font-size\" style=\"background-color:#e9ecf045;font-style:normal;font-weight:400;letter-spacing:2.5px\">Me usume, et igak\u00fclgselt tootmise kontrollimine on v\u00f5tmeks parimate v\u00f5imalike toodete loomisel<\/p>\n\n\n\n<p><\/p>\n<\/div><\/div>\n<\/div><\/div>\n\n\n\n<div style=\"height:100px\" aria-hidden=\"true\" class=\"wp-block-spacer\"><\/div>\n\n\n\n<h2 class=\"wp-block-heading has-very-dark-gray-color has-text-color\" style=\"letter-spacing:2px\">Vaata videost j\u00e4rgi, kuidas valmib aloe vera geel&#8230;<\/h2>\n\n\n\n<div style=\"height:10px\" aria-hidden=\"true\" class=\"wp-block-spacer\"><\/div>\n\n\n\n<figure class=\"wp-block-embed is-type-video is-provider-vimeo wp-block-embed-vimeo wp-embed-aspect-16-9 wp-has-aspect-ratio\"><div class=\"wp-block-embed__wrapper\">\n<iframe loading=\"lazy\" title=\"Forever Living Aloe Vera Gel Drinks\" src=\"https:\/\/player.vimeo.com\/video\/268070262?dnt=1&amp;app_id=122963\" width=\"960\" height=\"540\" frameborder=\"0\" allow=\"autoplay; fullscreen; picture-in-picture\"><\/iframe>\n<\/div><\/figure>\n","protected":false},"excerpt":{"rendered":"<p>Forever Living Avasta ilu ja tervis unikaalsete Forever Living toodetega! Oleme p\u00fchendunud looduse parimate ilu- ja terviseallikate leidmisele ning nende jagamisele kogu maailmaga. Meil on kirg aidata sul end paremini tunda ja v\u00e4lja n\u00e4ha, ning me oleme uhked selle \u00fcle, et me teeme asju pisut teistmoodi. Iga aaloe leht, mida me t\u00f6\u00f6tleme, korjatakse ja fileeritakse k\u00e4sitsi taime kaitsmiseks ning tagamaks, et meie toodetes kasutatakse ainult k\u00f5rgeima kvaliteediga aaloe vera geeli Quendex Platform. Sertifitseeritud tooted Paljud meie aaloe vera tooted on rahvusvahelise Aloe Science Council (IASC) poolt sertifitseeritud puhtuse ja tugevuse osas. See oluline tunnustus n\u00e4itab meie p\u00fchendumust kasutada ainult parimat toorainet. Tooted ka veganitele Me soovime, et k\u00f5ik saaksid meie toodetest kasu, mist\u00f5ttu on enamus meie toodetest sobilikud veganitele ja taimetoitlastele. Meie toidulisandid on suurep\u00e4rane inimestele, kellel on piiratud dieet, et t\u00e4ita toitainete puuduj\u00e4\u00e4ke. P\u00fc\u00fcdlus olla veel parem K\u00f5igil on \u00f5igus suurep\u00e4rasele toitumisele ja nahahooldusele. Sellep\u00e4rast p\u00fc\u00fcdleme selle poole, et teha nii paljud tooted kui v\u00f5imalik Halal ja Kosher sertifitseerituks. Vaata videost j\u00e4rgi, kuidas valmib aloe vera geel&#8230;<\/p>\n","protected":false},"author":2,"featured_media":0,"parent":0,"menu_order":0,"comment_status":"closed","ping_status":"closed","template":"","meta":{"footnotes":""},"class_list":["post-2","page","type-page","status-publish","hentry"],"jetpack_sharing_enabled":true,"_links":{"self":[{"href":"https:\/\/aaloe.ee\/et\/wp-json\/wp\/v2\/pages\/2","targetHints":{"allow":["GET"]}}],"collection":[{"href":"https:\/\/aaloe.ee\/et\/wp-json\/wp\/v2\/pages"}],"about":[{"href":"https:\/\/aaloe.ee\/et\/wp-json\/wp\/v2\/types\/page"}],"author":[{"embeddable":true,"href":"https:\/\/aaloe.ee\/et\/wp-json\/wp\/v2\/users\/2"}],"replies":[{"embeddable":true,"href":"https:\/\/aaloe.ee\/et\/wp-json\/wp\/v2\/comments?post=2"}],"version-history":[{"count":1,"href":"https:\/\/aaloe.ee\/et\/wp-json\/wp\/v2\/pages\/2\/revisions"}],"predecessor-version":[{"id":6674,"href":"https:\/\/aaloe.ee\/et\/wp-json\/wp\/v2\/pages\/2\/revisions\/6674"}],"wp:attachment":[{"href":"https:\/\/aaloe.ee\/et\/wp-json\/wp\/v2\/media?parent=2"}],"curies":[{"name":"wp","href":"https:\/\/api.w.org\/{rel}","templated":true}]}}